{"id":1121,"date":"2024-07-19T11:53:12","date_gmt":"2024-07-19T15:53:12","guid":{"rendered":"https:\/\/allocar-martinique.fr\/martinique\/"},"modified":"2024-08-29T04:40:55","modified_gmt":"2024-08-29T08:40:55","slug":"martinique","status":"publish","type":"page","link":"https:\/\/allocar-martinique.fr\/en\/martinique\/","title":{"rendered":"Martinique"},"content":{"rendered":"[vc_row type=\"full_width_content\" full_screen_row_position=\"middle\" column_margin=\"default\" equal_height=\"yes\" content_placement=\"middle\" column_direction=\"default\" column_direction_tablet=\"default\" column_direction_phone=\"default\" scene_position=\"center\" constrain_group_3=\"yes\" constrain_group_5=\"yes\" text_color=\"dark\" text_align=\"left\" row_border_radius=\"none\" row_border_radius_applies=\"bg\" overflow=\"visible\" overlay_strength=\"0.3\" gradient_direction=\"left_to_right\" shape_divider_position=\"bottom\" bg_image_animation=\"none\" gradient_type=\"default\" shape_type=\"\"][vc_column column_padding=\"padding-5-percent\" column_padding_tablet=\"inherit\" column_padding_phone=\"inherit\" column_padding_position=\"all\" column_element_direction_desktop=\"default\" column_element_spacing=\"default\" desktop_text_alignment=\"default\" tablet_text_alignment=\"default\" phone_text_alignment=\"default\" background_color_opacity=\"1\" background_hover_color_opacity=\"1\" column_backdrop_filter=\"none\" column_shadow=\"none\" column_border_radius=\"none\" column_link_target=\"_self\" column_position=\"default\" gradient_direction=\"left_to_right\" overlay_strength=\"0.3\" width=\"1\/2\" tablet_width_inherit=\"default\" animation_type=\"default\" bg_image_animation=\"none\" border_type=\"simple\" column_border_width=\"none\" column_border_style=\"solid\" column_padding_type=\"default\" gradient_type=\"default\"][vc_row_inner column_margin=\"default\" column_direction=\"default\" column_direction_tablet=\"default\" column_direction_phone=\"default\" text_align=\"left\" row_position=\"default\" row_position_tablet=\"inherit\" row_position_phone=\"inherit\" overflow=\"visible\" pointer_events=\"all\"][vc_column_inner column_padding=\"padding-2-percent\" column_padding_tablet=\"inherit\" column_padding_phone=\"inherit\" column_padding_position=\"top-bottom\" column_element_direction_desktop=\"default\" column_element_spacing=\"default\" desktop_text_alignment=\"default\" tablet_text_alignment=\"default\" phone_text_alignment=\"default\" background_color_opacity=\"1\" background_hover_color_opacity=\"1\" column_backdrop_filter=\"none\" column_shadow=\"none\" column_border_radius=\"none\" column_link_target=\"_self\" overflow=\"visible\" gradient_direction=\"left_to_right\" overlay_strength=\"0.3\" width=\"1\/1\" tablet_width_inherit=\"default\" animation_type=\"default\" bg_image_animation=\"none\" border_type=\"simple\" column_border_width=\"none\" column_border_style=\"solid\" column_padding_type=\"default\" gradient_type=\"default\"][nectar_responsive_text font_size_desktop=\"42px\" text_direction=\"default\" font_size_tablet=\"32px\" font_size_phone=\"22px\"]\n<h2 style=\"line-height: 42px; font-weight: bold; font-style: italic; color: #000; text-transform: uppercase;\">Car rental in Martinique<\/h2>\n[\/nectar_responsive_text][\/vc_column_inner][\/vc_row_inner][vc_column_text css=\"\" text_direction=\"default\"]We are open from Monday to Saturday from 8 AM to 8 PM, and on Sunday, we are open only for the return or departure of clients who have already been scheduled.<\/p>\n<p>We have 2 locations in Martinique: one in Ducos, 2 minutes from the airport at Chemin de Galop 97224 Ducos, and the other in Trois-\u00celets at Domaine de Ch\u00e2teau Gaillard 97229 Trois-\u00celets.<\/p>\n<p>We offer a vehicle delivery service in Fort-de-France.[\/vc_column_text][\/vc_column][vc_column column_padding=\"no-extra-padding\" column_padding_tablet=\"inherit\" column_padding_phone=\"inherit\" column_padding_position=\"all\" column_element_direction_desktop=\"default\" column_element_spacing=\"default\" desktop_text_alignment=\"default\" tablet_text_alignment=\"default\" phone_text_alignment=\"default\" background_color_opacity=\"1\" background_hover_color_opacity=\"1\" background_image=\"145\" background_image_position=\"center center\" background_image_stacking=\"default\" background_image_loading=\"default\" column_backdrop_filter=\"none\" column_shadow=\"none\" column_border_radius=\"none\" column_link_target=\"_self\" column_position=\"default\" gradient_direction=\"left_to_right\" overlay_strength=\"0.3\" width=\"1\/2\" tablet_width_inherit=\"default\" animation_type=\"default\" bg_image_animation=\"none\" border_type=\"simple\" column_border_width=\"none\" column_border_style=\"solid\" column_padding_type=\"default\" gradient_type=\"default\"][vc_row_inner column_margin=\"default\" column_direction=\"default\" column_direction_tablet=\"default\" column_direction_phone=\"default\" text_align=\"left\" row_position=\"default\" row_position_tablet=\"inherit\" row_position_phone=\"inherit\" overflow=\"visible\" pointer_events=\"all\"][vc_column_inner column_padding=\"no-extra-padding\" column_padding_tablet=\"inherit\" column_padding_phone=\"inherit\" column_padding_position=\"all\" column_element_direction_desktop=\"default\" column_element_spacing=\"default\" desktop_text_alignment=\"default\" tablet_text_alignment=\"default\" phone_text_alignment=\"default\" background_color_opacity=\"1\" background_hover_color_opacity=\"1\" background_image=\"715\" background_image_position=\"center center\" background_image_stacking=\"default\" enable_bg_scale=\"true\" background_image_loading=\"default\" column_backdrop_filter=\"none\" column_shadow=\"none\" column_border_radius=\"none\" column_link_target=\"_self\" overflow=\"visible\" gradient_direction=\"left_to_right\" overlay_strength=\"0.3\" width=\"1\/1\" tablet_width_inherit=\"default\" animation_type=\"default\" bg_image_animation=\"none\" border_type=\"simple\" column_border_width=\"none\" column_border_style=\"solid\" column_padding_type=\"default\" gradient_type=\"default\"][divider line_type=\"No Line\" custom_height=\"400px\" custom_height_phone=\"200px\" custom_height_tablet=\"300px\"][\/vc_column_inner][\/vc_row_inner][vc_row_inner column_margin=\"default\" column_direction=\"default\" column_direction_tablet=\"default\" column_direction_phone=\"default\" top_padding=\"10px\" constrain_group_1=\"yes\" bottom_padding=\"10px\" left_padding_desktop=\"10px\" constrain_group_2=\"yes\" right_padding_desktop=\"10px\" text_align=\"left\" row_position=\"default\" row_position_tablet=\"inherit\" row_position_phone=\"inherit\" overflow=\"visible\" pointer_events=\"all\" el_id=\"trouver-vehicule\" css=\".vc_custom_1723046733512{background-color: #c12729 !important;}\"][vc_column_inner column_padding=\"padding-5-percent\" column_padding_tablet=\"inherit\" column_padding_phone=\"inherit\" column_padding_position=\"all\" column_element_direction_desktop=\"default\" column_element_spacing=\"default\" desktop_text_alignment=\"default\" tablet_text_alignment=\"default\" phone_text_alignment=\"default\" background_color_opacity=\"1\" background_hover_color_opacity=\"1\" column_backdrop_filter=\"none\" column_shadow=\"none\" column_border_radius=\"none\" column_link_target=\"_self\" overflow=\"visible\" gradient_direction=\"left_to_right\" overlay_strength=\"0.3\" width=\"1\/2\" tablet_width_inherit=\"default\" animation_type=\"default\" bg_image_animation=\"none\" border_type=\"simple\" column_border_width=\"none\" column_border_style=\"solid\" column_padding_type=\"default\" gradient_type=\"default\"][nectar_responsive_text text_color=\"#000000\" font_size_desktop=\"26px\" font_size_phone=\"22px\" text_direction=\"default\"]<span style=\"font-weight: bold; text-transform: uppercase;\">Find a vehicle<\/span>[\/nectar_responsive_text][\/vc_column_inner][vc_column_inner column_padding=\"padding-5-percent\" column_padding_tablet=\"inherit\" column_padding_phone=\"inherit\" column_padding_position=\"all\" column_element_direction_desktop=\"default\" column_element_spacing=\"default\" desktop_text_alignment=\"default\" tablet_text_alignment=\"default\" phone_text_alignment=\"default\" background_color_opacity=\"1\" background_hover_color_opacity=\"1\" column_backdrop_filter=\"none\" column_shadow=\"none\" column_border_radius=\"none\" column_link_target=\"_self\" overflow=\"visible\" gradient_direction=\"left_to_right\" overlay_strength=\"0.3\" width=\"1\/2\" tablet_width_inherit=\"default\" animation_type=\"default\" bg_image_animation=\"none\" border_type=\"simple\" column_border_width=\"none\" column_border_style=\"solid\" column_padding_type=\"default\" gradient_type=\"default\"][nectar_btn size=\"large\" button_style=\"regular\" button_color_2=\"Extra-Color-3\" color_override=\"#000000\" solid_text_color_override=\"#ffffff\" icon_family=\"none\" text=\"SEARCH\" url=\"\/vehicules\"][\/vc_column_inner][\/vc_row_inner][\/vc_column][\/vc_row][vc_row type=\"in_container\" full_screen_row_position=\"middle\" column_margin=\"default\" column_direction=\"default\" column_direction_tablet=\"default\" column_direction_phone=\"default\" scene_position=\"center\" text_color=\"dark\" text_align=\"left\" row_border_radius=\"none\" row_border_radius_applies=\"bg\" overflow=\"visible\" overlay_strength=\"0.3\" gradient_direction=\"left_to_right\" shape_divider_position=\"bottom\" bg_image_animation=\"none\"][vc_column column_padding=\"no-extra-padding\" column_padding_tablet=\"inherit\" column_padding_phone=\"inherit\" column_padding_position=\"all\" column_element_direction_desktop=\"default\" column_element_spacing=\"default\" desktop_text_alignment=\"default\" tablet_text_alignment=\"default\" phone_text_alignment=\"default\" background_color_opacity=\"1\" background_hover_color_opacity=\"1\" column_backdrop_filter=\"none\" column_shadow=\"none\" column_border_radius=\"none\" column_link_target=\"_self\" column_position=\"default\" gradient_direction=\"left_to_right\" overlay_strength=\"0.3\" width=\"1\/1\" tablet_width_inherit=\"default\" animation_type=\"default\" bg_image_animation=\"none\" border_type=\"simple\" column_border_width=\"none\" column_border_style=\"solid\"][nectar_global_section id=\"31\"][\/vc_column][\/vc_row]\n","protected":false},"excerpt":{"rendered":"<p>[vc_row type=\"full_width_content\" full_screen_row_position=\"middle\" column_margin=\"default\" equal_height=\"yes\" content_placement=\"middle\" column_direction=\"default\" column_direction_tablet=\"default\" column_direction_phone=\"default\" scene_position=\"center\" constrain_group_3=\"yes\" constrain_group_5=\"yes\" text_color=\"dark\" text_align=\"left\" row_border_radius=\"none\" row_border_radius_applies=\"bg\" overflow=\"visible\" overlay_strength=\"0.3\" gradient_direction=\"left_to_right\" shape_divider_position=\"bottom\" bg_image_animation=\"none\" gradient_type=\"default\" shape_type=\"\"][vc_column column_padding=\"padding-5-percent\" column_padding_tablet=\"inherit\" column_padding_phone=\"inherit\" column_padding_position=\"all\" column_element_direction_desktop=\"default\" column_element_spacing=\"default\" desktop_text_alignment=\"default\"...<\/p>\n","protected":false},"author":1,"featured_media":0,"parent":0,"menu_order":0,"comment_status":"closed","ping_status":"closed","template":"","meta":{"inline_featured_image":false,"footnotes":""},"class_list":["post-1121","page","type-page","status-publish"],"yoast_head":"<!-- This site is optimized with the Yoast SEO plugin v27.3 - https:\/\/yoast.com\/product\/yoast-seo-wordpress\/ -->\n<title>Martinique - AlloCar Martinique<\/title>\n<meta name=\"robots\" content=\"index, follow, max-snippet:-1, max-image-preview:large, max-video-preview:-1\" \/>\n<link rel=\"canonical\" href=\"https:\/\/allocar-martinique.fr\/en\/martinique\/\" \/>\n<meta property=\"og:locale\" content=\"en_US\" \/>\n<meta property=\"og:type\" content=\"article\" \/>\n<meta property=\"og:title\" content=\"Martinique - AlloCar Martinique\" \/>\n<meta property=\"og:description\" content=\"[vc_row type=&quot;full_width_content&quot; full_screen_row_position=&quot;middle&quot; column_margin=&quot;default&quot; equal_height=&quot;yes&quot; content_placement=&quot;middle&quot; column_direction=&quot;default&quot; column_direction_tablet=&quot;default&quot; column_direction_phone=&quot;default&quot; scene_position=&quot;center&quot; constrain_group_3=&quot;yes&quot; constrain_group_5=&quot;yes&quot; text_color=&quot;dark&quot; text_align=&quot;left&quot; row_border_radius=&quot;none&quot; row_border_radius_applies=&quot;bg&quot; overflow=&quot;visible&quot; overlay_strength=&quot;0.3&quot; gradient_direction=&quot;left_to_right&quot; shape_divider_position=&quot;bottom&quot; bg_image_animation=&quot;none&quot; gradient_type=&quot;default&quot; shape_type=&quot;&quot;][vc_column column_padding=&quot;padding-5-percent&quot; column_padding_tablet=&quot;inherit&quot; column_padding_phone=&quot;inherit&quot; column_padding_position=&quot;all&quot; column_element_direction_desktop=&quot;default&quot; column_element_spacing=&quot;default&quot; desktop_text_alignment=&quot;default&quot;...\" \/>\n<meta property=\"og:url\" content=\"https:\/\/allocar-martinique.fr\/en\/martinique\/\" \/>\n<meta property=\"og:site_name\" content=\"AlloCar Martinique\" \/>\n<meta property=\"article:publisher\" content=\"https:\/\/www.facebook.com\/allocarmartinique\" \/>\n<meta property=\"article:modified_time\" content=\"2024-08-29T08:40:55+00:00\" \/>\n<meta name=\"twitter:card\" content=\"summary_large_image\" \/>\n<meta name=\"twitter:label1\" content=\"Est. reading time\" \/>\n\t<meta name=\"twitter:data1\" content=\"3 minutes\" \/>\n<!-- \/ Yoast SEO plugin. -->","yoast_head_json":{"title":"Martinique - AlloCar Martinique","robots":{"index":"index","follow":"follow","max-snippet":"max-snippet:-1","max-image-preview":"max-image-preview:large","max-video-preview":"max-video-preview:-1"},"canonical":"https:\/\/allocar-martinique.fr\/en\/martinique\/","og_locale":"en_US","og_type":"article","og_title":"Martinique - AlloCar Martinique","og_description":"[vc_row type=\"full_width_content\" full_screen_row_position=\"middle\" column_margin=\"default\" equal_height=\"yes\" content_placement=\"middle\" column_direction=\"default\" column_direction_tablet=\"default\" column_direction_phone=\"default\" scene_position=\"center\" constrain_group_3=\"yes\" constrain_group_5=\"yes\" text_color=\"dark\" text_align=\"left\" row_border_radius=\"none\" row_border_radius_applies=\"bg\" overflow=\"visible\" overlay_strength=\"0.3\" gradient_direction=\"left_to_right\" shape_divider_position=\"bottom\" bg_image_animation=\"none\" gradient_type=\"default\" shape_type=\"\"][vc_column column_padding=\"padding-5-percent\" column_padding_tablet=\"inherit\" column_padding_phone=\"inherit\" column_padding_position=\"all\" column_element_direction_desktop=\"default\" column_element_spacing=\"default\" desktop_text_alignment=\"default\"...","og_url":"https:\/\/allocar-martinique.fr\/en\/martinique\/","og_site_name":"AlloCar Martinique","article_publisher":"https:\/\/www.facebook.com\/allocarmartinique","article_modified_time":"2024-08-29T08:40:55+00:00","twitter_card":"summary_large_image","twitter_misc":{"Est. reading time":"3 minutes"},"schema":{"@context":"https:\/\/schema.org","@graph":[{"@type":"WebPage","@id":"https:\/\/allocar-martinique.fr\/en\/martinique\/","url":"https:\/\/allocar-martinique.fr\/en\/martinique\/","name":"Martinique - AlloCar Martinique","isPartOf":{"@id":"https:\/\/allocar-martinique.fr\/en\/#website"},"datePublished":"2024-07-19T15:53:12+00:00","dateModified":"2024-08-29T08:40:55+00:00","breadcrumb":{"@id":"https:\/\/allocar-martinique.fr\/en\/martinique\/#breadcrumb"},"inLanguage":"en-US","potentialAction":[{"@type":"ReadAction","target":["https:\/\/allocar-martinique.fr\/en\/martinique\/"]}]},{"@type":"BreadcrumbList","@id":"https:\/\/allocar-martinique.fr\/en\/martinique\/#breadcrumb","itemListElement":[{"@type":"ListItem","position":1,"name":"Home","item":"https:\/\/allocar-martinique.fr\/en\/"},{"@type":"ListItem","position":2,"name":"Martinique"}]},{"@type":"WebSite","@id":"https:\/\/allocar-martinique.fr\/en\/#website","url":"https:\/\/allocar-martinique.fr\/en\/","name":"AlloCar Martinique","description":"","publisher":{"@id":"https:\/\/allocar-martinique.fr\/en\/#organization"},"potentialAction":[{"@type":"SearchAction","target":{"@type":"EntryPoint","urlTemplate":"https:\/\/allocar-martinique.fr\/en\/?s={search_term_string}"},"query-input":{"@type":"PropertyValueSpecification","valueRequired":true,"valueName":"search_term_string"}}],"inLanguage":"en-US"},{"@type":"Organization","@id":"https:\/\/allocar-martinique.fr\/en\/#organization","name":"AlloCar Martinique","url":"https:\/\/allocar-martinique.fr\/en\/","logo":{"@type":"ImageObject","inLanguage":"en-US","@id":"https:\/\/allocar-martinique.fr\/en\/#\/schema\/logo\/image\/","url":"https:\/\/allocar-martinique.fr\/wp-content\/uploads\/2024\/08\/LOGO-ALLOCAR-MARTINIQUE.svg","contentUrl":"https:\/\/allocar-martinique.fr\/wp-content\/uploads\/2024\/08\/LOGO-ALLOCAR-MARTINIQUE.svg","width":130,"height":66,"caption":"AlloCar Martinique"},"image":{"@id":"https:\/\/allocar-martinique.fr\/en\/#\/schema\/logo\/image\/"},"sameAs":["https:\/\/www.facebook.com\/allocarmartinique","https:\/\/www.instagram.com\/allocarmartinique\/"]}]}},"_links":{"self":[{"href":"https:\/\/allocar-martinique.fr\/en\/wp-json\/wp\/v2\/pages\/1121","targetHints":{"allow":["GET"]}}],"collection":[{"href":"https:\/\/allocar-martinique.fr\/en\/wp-json\/wp\/v2\/pages"}],"about":[{"href":"https:\/\/allocar-martinique.fr\/en\/wp-json\/wp\/v2\/types\/page"}],"author":[{"embeddable":true,"href":"https:\/\/allocar-martinique.fr\/en\/wp-json\/wp\/v2\/users\/1"}],"replies":[{"embeddable":true,"href":"https:\/\/allocar-martinique.fr\/en\/wp-json\/wp\/v2\/comments?post=1121"}],"version-history":[{"count":3,"href":"https:\/\/allocar-martinique.fr\/en\/wp-json\/wp\/v2\/pages\/1121\/revisions"}],"predecessor-version":[{"id":1159,"href":"https:\/\/allocar-martinique.fr\/en\/wp-json\/wp\/v2\/pages\/1121\/revisions\/1159"}],"wp:attachment":[{"href":"https:\/\/allocar-martinique.fr\/en\/wp-json\/wp\/v2\/media?parent=1121"}],"curies":[{"name":"wp","href":"https:\/\/api.w.org\/{rel}","templated":true}]}}