{"id":1693,"date":"2024-09-02T06:35:23","date_gmt":"2024-09-02T10:35:23","guid":{"rendered":"https:\/\/allocar-martinique.fr\/agences\/"},"modified":"2024-11-01T06:25:17","modified_gmt":"2024-11-01T10:25:17","slug":"agencies","status":"publish","type":"page","link":"https:\/\/allocar-martinique.fr\/en\/agencies\/","title":{"rendered":"agencies"},"content":{"rendered":"[vc_row type=\"in_container\" full_screen_row_position=\"middle\" column_margin=\"default\" column_direction=\"default\" column_direction_tablet=\"default\" column_direction_phone=\"default\" scene_position=\"center\" text_color=\"dark\" text_align=\"left\" row_border_radius=\"none\" row_border_radius_applies=\"bg\" overflow=\"visible\" overlay_strength=\"0.3\" gradient_direction=\"left_to_right\" shape_divider_position=\"bottom\" bg_image_animation=\"none\"][vc_column column_padding=\"no-extra-padding\" column_padding_tablet=\"inherit\" column_padding_phone=\"inherit\" column_padding_position=\"all\" column_element_direction_desktop=\"default\" column_element_spacing=\"default\" desktop_text_alignment=\"default\" tablet_text_alignment=\"default\" phone_text_alignment=\"default\" background_color_opacity=\"1\" background_hover_color_opacity=\"1\" column_backdrop_filter=\"none\" column_shadow=\"none\" column_border_radius=\"none\" column_link_target=\"_self\" column_position=\"default\" gradient_direction=\"left_to_right\" overlay_strength=\"0.3\" width=\"1\/1\" tablet_width_inherit=\"default\" animation_type=\"default\" bg_image_animation=\"none\" border_type=\"simple\" column_border_width=\"none\" column_border_style=\"solid\"][nectar_responsive_text text_direction=\"default\" font_size_desktop=\"36px\" font_size_tablet=\"28px\" font_size_phone=\"23px\"]\r\n<p style=\"font-weight: bold;\">ALLOCAR martinique<\/p>\r\n[\/nectar_responsive_text][vc_column_text css=\"\" text_direction=\"default\"]\r\n<p>Welcome to ALLOCAR Martinique, your car rental service in Martinique. With two ideally located agencies to offer you local service, we provide a wide selection of vehicles tailored to all your needs, whether for a family vacation, business trips, or adventures with friends. Our dedicated team is here to ensure a worry-free rental experience, from choosing the vehicle to returning it. Benefit from our local expertise and competitive offers to explore the beauty of Martinique with complete freedom. Rent from ALLOCAR Martinique and travel with peace of mind.<\/p>\r\n[\/vc_column_text][toggles style=\"minimal_small\"][toggle color=\"Default\" heading_tag=\"default\" heading_tag_functionality=\"default\" title=\"Learn more\"][vc_column_text][\/vc_column_text][\/toggle][\/toggles][\/vc_column][\/vc_row][vc_row type=\"in_container\" full_screen_row_position=\"middle\" column_margin=\"default\" column_direction=\"default\" column_direction_tablet=\"default\" column_direction_phone=\"default\" scene_position=\"center\" text_color=\"dark\" text_align=\"left\" row_border_radius=\"none\" row_border_radius_applies=\"bg\" overflow=\"visible\" overlay_strength=\"0.3\" gradient_direction=\"left_to_right\" shape_divider_position=\"bottom\" bg_image_animation=\"none\"][vc_column column_padding=\"no-extra-padding\" column_padding_tablet=\"inherit\" column_padding_phone=\"inherit\" column_padding_position=\"all\" column_element_direction_desktop=\"default\" column_element_spacing=\"default\" desktop_text_alignment=\"default\" tablet_text_alignment=\"default\" phone_text_alignment=\"default\" background_color_opacity=\"1\" background_hover_color_opacity=\"1\" column_backdrop_filter=\"none\" column_shadow=\"none\" column_border_radius=\"none\" column_link_target=\"_self\" column_position=\"default\" gradient_direction=\"left_to_right\" overlay_strength=\"0.3\" width=\"1\/1\" tablet_width_inherit=\"default\" animation_type=\"default\" bg_image_animation=\"none\" border_type=\"simple\" column_border_width=\"none\" column_border_style=\"solid\"][vc_column_text]\n<div class=\"wrap plugin-container\">\n\n\t\n\t\n\t\t<div class=\"notice is-dismissible notice-warning\">\n\t\t\t\t\t<p>Your Pro version of Vik Rent Car was downgraded to the Free version after the update. Please visit the <a href=\"admin.php?page=vikrentcar&view=getpro\">Go to Pro<\/a> page to restore your Pro settings and complete the update process.<\/p>\n\t\t\t\t<\/div>\n\t\r\n<table style=\"width: 100%; border-collapse: collapse; border:none;\">\r\n\r\n    <td style=\"width: 50%; vertical-align: top ;border-collapse: collapse; border:none;\">\r\n\t\t<div class=\"vrc-locationslist-wrapper\">\r\n\t\t\t\t\t<div class=\"vrclocationbox\">\r\n\t\t\t\t<h3 class=\"vrcloclistlocname\">AEROPORT<\/h3>\r\n\t\t\t\t\r\n\t\t\t\t<p>Hippodrome de Carr\u00e8re, Le Lamentin 97232, Martinique<\/p>\t\t\t\t                <p>Aim\u00e9 C\u00e9saire International Airport is the main gateway to discover Martinique, the island of flowers. From the moment you arrive, enjoy a stress-free travel experience by choosing car rental with Al...<\/p>\t\t\t\t\r\n\t\t\t\t\t\t\t\t\t<div class=\"vrcloclistloctimebox\">\r\n\t\t\t\t\t\t<i class=\"fa fa-clock-o\"><\/i>\r\n\t\t\t\t\t\tOpening Time\t\t\t\t\t\t<span class=\"vrcloclistloctimehour\"> 08:00 - 20:00 <\/span>\r\n\t\t\t\t\t<\/div>\r\n\t\t\t\t\t\t\t\t<div class=\"vrcloclistloclink\"><a href=\"https:\/\/allocar-martinique.fr\/en\/wp-json\/wp\/v2\/pages\/1693location-voiture-aeroport\">voirlesdetailsdelagence<\/a><\/div>\r\n\t\t\t\t<div><\/div>\r\n\t\t\t<\/div>\r\n\t\t\t\t\t\t<div class=\"vrclocationbox\">\r\n\t\t\t\t<h3 class=\"vrcloclistlocname\">FORT DE FRANCE AGENCY<\/h3>\r\n\t\t\t\t\r\n\t\t\t\t<p>RUE RUBAN MARTYR 28 RUE DU MORNE MORISSOT 97200 FORT-DE-FRANCE<\/p>\t\t\t\t                <p>At Allocar, we understand that time is precious, especially after a long flight. That\u2019s why we offer quality service to ensure you can pick up your vehicle without extended wait times.<\/p>\t\t\t\t\r\n\t\t\t\t\t\t\t\t\t<div class=\"vrcloclistloctimebox\">\r\n\t\t\t\t\t\t<i class=\"fa fa-clock-o\"><\/i>\r\n\t\t\t\t\t\tOpening Time\t\t\t\t\t\t<span class=\"vrcloclistloctimehour\"> 08:00 - 20:00 <\/span>\r\n\t\t\t\t\t<\/div>\r\n\t\t\t\t\t\t\t\t<div class=\"vrcloclistloclink\"><a href=\"https:\/\/allocar-martinique.fr\/en\/wp-json\/wp\/v2\/pages\/1693agence-location-voiture-fort-de-france\">voirlesdetailsdelagence<\/a><\/div>\r\n\t\t\t\t<div><\/div>\r\n\t\t\t<\/div>\r\n\t\t\t\t\t\t<div class=\"vrclocationbox\">\r\n\t\t\t\t<h3 class=\"vrcloclistlocname\">PORT<\/h3>\r\n\t\t\t\t\r\n\t\t\t\t<p>RUE RUBAN MARTYR 28 RUE DU MORNE MORISSOT 97200 FORT-DE-FRANCE<\/p>\t\t\t\t                <p>The Grand Port of Fort-de-France is a major arrival point for cruise passengers and travelers arriving in Martinique by sea. Whether you're here for a stopover or an extended stay, renting a car with ...<\/p>\t\t\t\t\r\n\t\t\t\t\t\t\t\t\t<div class=\"vrcloclistloctimebox\">\r\n\t\t\t\t\t\t<i class=\"fa fa-clock-o\"><\/i>\r\n\t\t\t\t\t\tOpening Time\t\t\t\t\t\t<span class=\"vrcloclistloctimehour\"> 08:00 - 20:00 <\/span>\r\n\t\t\t\t\t<\/div>\r\n\t\t\t\t\t\t\t\t<div class=\"vrcloclistloclink\"><a href=\"https:\/\/allocar-martinique.fr\/en\/wp-json\/wp\/v2\/pages\/1693location-voiture-port\">voirlesdetailsdelagence<\/a><\/div>\r\n\t\t\t\t<div><\/div>\r\n\t\t\t<\/div>\r\n\t\t\t\t\t\t<div class=\"vrclocationbox\">\r\n\t\t\t\t<h3 class=\"vrcloclistlocname\">AGENCE LE LAMENTIN<\/h3>\r\n\t\t\t\t\r\n\t\t\t\t<p>Hippodrome de Carr\u00e8re, Le Lamentin 97232, Martinique<\/p>\t\t\t\t                <p>Le Lamentin, v\u00e9ritable carrefour de la Martinique, est le point de d\u00e9part id\u00e9al pour une aventure inoubliable sur l\u2019\u00eele aux fleurs. Que vous soyez ici pour une escapade tropicale ou un s\u00e9jour p...<\/p>\t\t\t\t\r\n\t\t\t\t\t\t\t\t\t<div class=\"vrcloclistloctimebox\">\r\n\t\t\t\t\t\t<i class=\"fa fa-clock-o\"><\/i>\r\n\t\t\t\t\t\tOpening Time\t\t\t\t\t\t<span class=\"vrcloclistloctimehour\"> 08:00 - 20:00 <\/span>\r\n\t\t\t\t\t<\/div>\r\n\t\t\t\t\t\t\t\t<div class=\"vrcloclistloclink\"><a href=\"https:\/\/allocar-martinique.fr\/en\/wp-json\/wp\/v2\/pages\/1693location-voiture-le-lamentin\">voirlesdetailsdelagence<\/a><\/div>\r\n\t\t\t\t<div><\/div>\r\n\t\t\t<\/div>\r\n\t\t\t\t<\/div>\r\n    <\/td>\r\n    <td style=\"width: 50%; padding: 25px 0 0 0;border-collapse: collapse; border:none;\">\r\n\t\t\t<script type=\"text\/javascript\">\r\n\t\tjQuery.noConflict();\r\n\t\tjQuery(document).ready(function(){\r\n\t\t\tvar map = new google.maps.Map(document.getElementById(\"vrcmapcanvas\"), {mapTypeId: google.maps.MapTypeId.ROADMAP});\r\n\t\t\t\t\t\tvar marker1 = new google.maps.Marker({\r\n\t\t\t\tposition: new google.maps.LatLng(14.60608804, -60.9862164590),\r\n\t\t\t\tmap: map,\r\n\t\t\t\ttitle: 'AEROPORT'\r\n\t\t\t});\r\n\t\t\t\t\t\t\tvar tooltip1 = '<div class=\"vrcgmapinfow\"><h3>AEROPORT<\/h3><div class=\"vrcgmapinfowdescr\">Aim\u00e9 C\u00e9saire International Airport is the main gateway to discover Martinique, the island of flowers. From the moment you arrive, enjoy a stress-free travel experience by choosing car rental with Allocar. Whether you\\'re on a business trip or vacation, having a vehicle at your disposal is essential for exploring the island\\'s wonders at your own pace.<\/div><\/div>';\r\n\t\t\tvar infowindow1 = new google.maps.InfoWindow({\r\n\t\t\t\tcontent: tooltip1\t\t\t});\r\n\t\t\tgoogle.maps.event.addListener(marker1, 'click', function() {\r\n\t\t\t\tinfowindow1.open(map, marker1);\r\n\t\t\t});\r\n\t\t\t\t\t\t\t\tvar marker2 = new google.maps.Marker({\r\n\t\t\t\tposition: new google.maps.LatLng(14.6201029, -61.042971),\r\n\t\t\t\tmap: map,\r\n\t\t\t\ttitle: 'FORT DE FRANCE AGENCY'\r\n\t\t\t});\r\n\t\t\t\t\t\t\tvar tooltip2 = '<div class=\"vrcgmapinfow\"><h3>FORT DE FRANCE AGENCY<\/h3><div class=\"vrcgmapinfowdescr\">At Allocar, we understand that time is precious, especially after a long flight. That\u2019s why we offer quality service to ensure you can pick up your vehicle without extended wait times.<\/div><\/div>';\r\n\t\t\tvar infowindow2 = new google.maps.InfoWindow({\r\n\t\t\t\tcontent: tooltip2\t\t\t});\r\n\t\t\tgoogle.maps.event.addListener(marker2, 'click', function() {\r\n\t\t\t\tinfowindow2.open(map, marker2);\r\n\t\t\t});\r\n\t\t\t\t\t\t\t\tvar marker3 = new google.maps.Marker({\r\n\t\t\t\tposition: new google.maps.LatLng(14.601752, -61.064698),\r\n\t\t\t\tmap: map,\r\n\t\t\t\ttitle: 'PORT'\r\n\t\t\t});\r\n\t\t\t\t\t\t\tvar tooltip3 = '<div class=\"vrcgmapinfow\"><h3>PORT<\/h3><div class=\"vrcgmapinfowdescr\">The Grand Port of Fort-de-France is a major arrival point for cruise passengers and travelers arriving in Martinique by sea. Whether you\\'re here for a stopover or an extended stay, renting a car with Allocar allows you to explore the island at your own pace, free from the constraints of public transport. Enjoy quick and efficient service to pick up your vehicle as soon as you arrive at the port.<\/div><\/div>';\r\n\t\t\tvar infowindow3 = new google.maps.InfoWindow({\r\n\t\t\t\tcontent: tooltip3\t\t\t});\r\n\t\t\tgoogle.maps.event.addListener(marker3, 'click', function() {\r\n\t\t\t\tinfowindow3.open(map, marker3);\r\n\t\t\t});\r\n\t\t\t\t\t\t\t\tvar marker4 = new google.maps.Marker({\r\n\t\t\t\tposition: new google.maps.LatLng(14.5905539294572, -60.987253414989),\r\n\t\t\t\tmap: map,\r\n\t\t\t\ttitle: 'AGENCE LE LAMENTIN'\r\n\t\t\t});\r\n\t\t\t\t\t\t\tvar tooltip4 = '<div class=\"vrcgmapinfow\"><h3>AGENCE LE LAMENTIN<\/h3><div class=\"vrcgmapinfowdescr\">Le Lamentin, v\u00e9ritable carrefour de la Martinique, est le point de d\u00e9part id\u00e9al pour une aventure inoubliable sur l\u2019\u00eele aux fleurs. Que vous soyez ici pour une escapade tropicale ou un s\u00e9jour professionnel, lib\u00e9rez-vous des contraintes des transports en commun en optant pour une location de voiture avec Allocar.<\/div><\/div>';\r\n\t\t\tvar infowindow4 = new google.maps.InfoWindow({\r\n\t\t\t\tcontent: tooltip4\t\t\t});\r\n\t\t\tgoogle.maps.event.addListener(marker4, 'click', function() {\r\n\t\t\t\tinfowindow4.open(map, marker4);\r\n\t\t\t});\r\n\t\t\t\t\t\t\t\t\r\n\t\t\tvar lat_min = 14.5905539294572;\r\n\t\t\tvar lat_max = 14.6201029;\r\n\t\t\tvar lng_min = -61.064698;\r\n\t\t\tvar lng_max = -60.9862164590;\r\n\t\t\t\r\n\t\t\tmap.setCenter(new google.maps.LatLng( ((lat_max + lat_min) \/ 2.0), ((lng_max + lng_min) \/ 2.0) ));\r\n\t\t\tmap.fitBounds(new google.maps.LatLngBounds(new google.maps.LatLng(lat_min, lng_min), new google.maps.LatLng(lat_max, lng_max)));\r\n\r\n\t\t});\r\n\t\t<\/script>\r\n\t\t<div id=\"vrcmapcanvas\"><\/div>\r\n    <\/td>\r\n<\/tr>\r\n<\/table>\r\n\t\n<\/div>\n\n<p>\n[\/vc_column_text][\/vc_column][\/vc_row]","protected":false},"excerpt":{"rendered":"<p>[vc_row type=\"in_container\" full_screen_row_position=\"middle\" column_margin=\"default\" column_direction=\"default\" column_direction_tablet=\"default\" column_direction_phone=\"default\" scene_position=\"center\" text_color=\"dark\" text_align=\"left\" row_border_radius=\"none\" row_border_radius_applies=\"bg\" overflow=\"visible\" overlay_strength=\"0.3\" gradient_direction=\"left_to_right\" shape_divider_position=\"bottom\" bg_image_animation=\"none\"][vc_column column_padding=\"no-extra-padding\" column_padding_tablet=\"inherit\" column_padding_phone=\"inherit\" column_padding_position=\"all\" column_element_direction_desktop=\"default\" column_element_spacing=\"default\" desktop_text_alignment=\"default\" tablet_text_alignment=\"default\" phone_text_alignment=\"default\" background_color_opacity=\"1\" background_hover_color_opacity=\"1\" column_backdrop_filter=\"none\" column_shadow=\"none\"...<\/p>\n","protected":false},"author":1,"featured_media":0,"parent":0,"menu_order":0,"comment_status":"closed","ping_status":"closed","template":"","meta":{"inline_featured_image":false,"footnotes":""},"class_list":["post-1693","page","type-page","status-publish"],"yoast_head":"<!-- This site is optimized with the Yoast SEO plugin v27.4 - https:\/\/yoast.com\/product\/yoast-seo-wordpress\/ -->\n<title>agencies - AlloCar Martinique<\/title>\n<meta name=\"robots\" content=\"index, follow, max-snippet:-1, max-image-preview:large, max-video-preview:-1\" \/>\n<link rel=\"canonical\" href=\"https:\/\/allocar-martinique.fr\/en\/agencies\/\" \/>\n<meta property=\"og:locale\" content=\"en_US\" \/>\n<meta property=\"og:type\" content=\"article\" \/>\n<meta property=\"og:title\" content=\"agencies - AlloCar Martinique\" \/>\n<meta property=\"og:description\" content=\"[vc_row type=&quot;in_container&quot; full_screen_row_position=&quot;middle&quot; column_margin=&quot;default&quot; column_direction=&quot;default&quot; column_direction_tablet=&quot;default&quot; column_direction_phone=&quot;default&quot; scene_position=&quot;center&quot; text_color=&quot;dark&quot; text_align=&quot;left&quot; row_border_radius=&quot;none&quot; row_border_radius_applies=&quot;bg&quot; overflow=&quot;visible&quot; overlay_strength=&quot;0.3&quot; gradient_direction=&quot;left_to_right&quot; shape_divider_position=&quot;bottom&quot; bg_image_animation=&quot;none&quot;][vc_column column_padding=&quot;no-extra-padding&quot; column_padding_tablet=&quot;inherit&quot; column_padding_phone=&quot;inherit&quot; column_padding_position=&quot;all&quot; column_element_direction_desktop=&quot;default&quot; column_element_spacing=&quot;default&quot; desktop_text_alignment=&quot;default&quot; tablet_text_alignment=&quot;default&quot; phone_text_alignment=&quot;default&quot; background_color_opacity=&quot;1&quot; background_hover_color_opacity=&quot;1&quot; column_backdrop_filter=&quot;none&quot; column_shadow=&quot;none&quot;...\" \/>\n<meta property=\"og:url\" content=\"https:\/\/allocar-martinique.fr\/en\/agencies\/\" \/>\n<meta property=\"og:site_name\" content=\"AlloCar Martinique\" \/>\n<meta property=\"article:publisher\" content=\"https:\/\/www.facebook.com\/allocarmartinique\" \/>\n<meta property=\"article:modified_time\" content=\"2024-11-01T10:25:17+00:00\" \/>\n<meta name=\"twitter:card\" content=\"summary_large_image\" \/>\n<meta name=\"twitter:label1\" content=\"Est. reading time\" \/>\n\t<meta name=\"twitter:data1\" content=\"1 minute\" \/>\n<!-- \/ Yoast SEO plugin. -->","yoast_head_json":{"title":"agencies - AlloCar Martinique","robots":{"index":"index","follow":"follow","max-snippet":"max-snippet:-1","max-image-preview":"max-image-preview:large","max-video-preview":"max-video-preview:-1"},"canonical":"https:\/\/allocar-martinique.fr\/en\/agencies\/","og_locale":"en_US","og_type":"article","og_title":"agencies - AlloCar Martinique","og_description":"[vc_row type=\"in_container\" full_screen_row_position=\"middle\" column_margin=\"default\" column_direction=\"default\" column_direction_tablet=\"default\" column_direction_phone=\"default\" scene_position=\"center\" text_color=\"dark\" text_align=\"left\" row_border_radius=\"none\" row_border_radius_applies=\"bg\" overflow=\"visible\" overlay_strength=\"0.3\" gradient_direction=\"left_to_right\" shape_divider_position=\"bottom\" bg_image_animation=\"none\"][vc_column column_padding=\"no-extra-padding\" column_padding_tablet=\"inherit\" column_padding_phone=\"inherit\" column_padding_position=\"all\" column_element_direction_desktop=\"default\" column_element_spacing=\"default\" desktop_text_alignment=\"default\" tablet_text_alignment=\"default\" phone_text_alignment=\"default\" background_color_opacity=\"1\" background_hover_color_opacity=\"1\" column_backdrop_filter=\"none\" column_shadow=\"none\"...","og_url":"https:\/\/allocar-martinique.fr\/en\/agencies\/","og_site_name":"AlloCar Martinique","article_publisher":"https:\/\/www.facebook.com\/allocarmartinique","article_modified_time":"2024-11-01T10:25:17+00:00","twitter_card":"summary_large_image","twitter_misc":{"Est. reading time":"1 minute"},"schema":{"@context":"https:\/\/schema.org","@graph":[{"@type":"WebPage","@id":"https:\/\/allocar-martinique.fr\/en\/agencies\/","url":"https:\/\/allocar-martinique.fr\/en\/agencies\/","name":"agencies - AlloCar Martinique","isPartOf":{"@id":"https:\/\/allocar-martinique.fr\/en\/#website"},"datePublished":"2024-09-02T10:35:23+00:00","dateModified":"2024-11-01T10:25:17+00:00","breadcrumb":{"@id":"https:\/\/allocar-martinique.fr\/en\/agencies\/#breadcrumb"},"inLanguage":"en-US","potentialAction":[{"@type":"ReadAction","target":["https:\/\/allocar-martinique.fr\/en\/agencies\/"]}]},{"@type":"BreadcrumbList","@id":"https:\/\/allocar-martinique.fr\/en\/agencies\/#breadcrumb","itemListElement":[{"@type":"ListItem","position":1,"name":"Home","item":"https:\/\/allocar-martinique.fr\/en\/"},{"@type":"ListItem","position":2,"name":"agencies"}]},{"@type":"WebSite","@id":"https:\/\/allocar-martinique.fr\/en\/#website","url":"https:\/\/allocar-martinique.fr\/en\/","name":"AlloCar Martinique","description":"","publisher":{"@id":"https:\/\/allocar-martinique.fr\/en\/#organization"},"potentialAction":[{"@type":"SearchAction","target":{"@type":"EntryPoint","urlTemplate":"https:\/\/allocar-martinique.fr\/en\/?s={search_term_string}"},"query-input":{"@type":"PropertyValueSpecification","valueRequired":true,"valueName":"search_term_string"}}],"inLanguage":"en-US"},{"@type":"Organization","@id":"https:\/\/allocar-martinique.fr\/en\/#organization","name":"AlloCar Martinique","url":"https:\/\/allocar-martinique.fr\/en\/","logo":{"@type":"ImageObject","inLanguage":"en-US","@id":"https:\/\/allocar-martinique.fr\/en\/#\/schema\/logo\/image\/","url":"https:\/\/allocar-martinique.fr\/wp-content\/uploads\/2024\/08\/LOGO-ALLOCAR-MARTINIQUE.svg","contentUrl":"https:\/\/allocar-martinique.fr\/wp-content\/uploads\/2024\/08\/LOGO-ALLOCAR-MARTINIQUE.svg","width":130,"height":66,"caption":"AlloCar Martinique"},"image":{"@id":"https:\/\/allocar-martinique.fr\/en\/#\/schema\/logo\/image\/"},"sameAs":["https:\/\/www.facebook.com\/allocarmartinique","https:\/\/www.instagram.com\/allocarmartinique\/"]}]}},"_links":{"self":[{"href":"https:\/\/allocar-martinique.fr\/en\/wp-json\/wp\/v2\/pages\/1693","targetHints":{"allow":["GET"]}}],"collection":[{"href":"https:\/\/allocar-martinique.fr\/en\/wp-json\/wp\/v2\/pages"}],"about":[{"href":"https:\/\/allocar-martinique.fr\/en\/wp-json\/wp\/v2\/types\/page"}],"author":[{"embeddable":true,"href":"https:\/\/allocar-martinique.fr\/en\/wp-json\/wp\/v2\/users\/1"}],"replies":[{"embeddable":true,"href":"https:\/\/allocar-martinique.fr\/en\/wp-json\/wp\/v2\/comments?post=1693"}],"version-history":[{"count":4,"href":"https:\/\/allocar-martinique.fr\/en\/wp-json\/wp\/v2\/pages\/1693\/revisions"}],"predecessor-version":[{"id":2771,"href":"https:\/\/allocar-martinique.fr\/en\/wp-json\/wp\/v2\/pages\/1693\/revisions\/2771"}],"wp:attachment":[{"href":"https:\/\/allocar-martinique.fr\/en\/wp-json\/wp\/v2\/media?parent=1693"}],"curies":[{"name":"wp","href":"https:\/\/api.w.org\/{rel}","templated":true}]}}