{"id":2890,"date":"2024-09-04T05:57:54","date_gmt":"2024-09-04T09:57:54","guid":{"rendered":"https:\/\/allocar-martinique.fr\/agencies\/location-voiture-aeroport\/"},"modified":"2024-11-02T09:42:54","modified_gmt":"2024-11-02T13:42:54","slug":"aeroport","status":"publish","type":"page","link":"https:\/\/allocar-martinique.fr\/en\/agencies\/aeroport\/","title":{"rendered":"Aeroport"},"content":{"rendered":"[vc_row type=\"in_container\" full_screen_row_position=\"middle\" column_margin=\"default\" column_direction=\"default\" column_direction_tablet=\"default\" column_direction_phone=\"default\" scene_position=\"center\" text_color=\"dark\" text_align=\"left\" row_border_radius=\"none\" row_border_radius_applies=\"bg\" overflow=\"visible\" overlay_strength=\"0.3\" gradient_direction=\"left_to_right\" shape_divider_position=\"bottom\" bg_image_animation=\"none\"][vc_column column_padding=\"no-extra-padding\" column_padding_tablet=\"inherit\" column_padding_phone=\"inherit\" column_padding_position=\"all\" column_element_direction_desktop=\"default\" column_element_spacing=\"default\" desktop_text_alignment=\"default\" tablet_text_alignment=\"default\" phone_text_alignment=\"default\" background_color_opacity=\"1\" background_hover_color_opacity=\"1\" column_backdrop_filter=\"none\" column_shadow=\"none\" column_border_radius=\"none\" column_link_target=\"_self\" column_position=\"default\" gradient_direction=\"left_to_right\" overlay_strength=\"0.3\" width=\"1\/1\" tablet_width_inherit=\"default\" animation_type=\"default\" bg_image_animation=\"none\" border_type=\"simple\" column_border_width=\"none\" column_border_style=\"solid\"][vc_column_text css=\".vc_custom_1727344575553{padding-top: 20px !important;}\" text_direction=\"default\"]<span><span><a href=\"https:\/\/allocar-martinique.fr\/en\/\">Home<\/a><\/span><\/span>[\/vc_column_text][\/vc_column][\/vc_row][vc_row type=\"in_container\" full_screen_row_position=\"middle\" column_margin=\"default\" column_direction=\"default\" column_direction_tablet=\"default\" column_direction_phone=\"default\" scene_position=\"center\" text_color=\"dark\" text_align=\"left\" row_border_radius=\"none\" row_border_radius_applies=\"bg\" overflow=\"visible\" overlay_strength=\"0.3\" gradient_direction=\"left_to_right\" shape_divider_position=\"bottom\" bg_image_animation=\"none\"][vc_column column_padding=\"padding-3-percent\" column_padding_tablet=\"inherit\" column_padding_phone=\"inherit\" column_padding_position=\"bottom\" column_element_direction_desktop=\"default\" column_element_spacing=\"default\" desktop_text_alignment=\"default\" tablet_text_alignment=\"default\" phone_text_alignment=\"default\" background_color_opacity=\"1\" background_hover_color_opacity=\"1\" column_backdrop_filter=\"none\" column_shadow=\"none\" column_border_radius=\"none\" column_link_target=\"_self\" column_position=\"default\" gradient_direction=\"left_to_right\" overlay_strength=\"0.3\" width=\"1\/1\" tablet_width_inherit=\"default\" animation_type=\"default\" bg_image_animation=\"none\" border_type=\"simple\" column_border_width=\"none\" column_border_style=\"solid\" column_padding_type=\"default\" gradient_type=\"default\"][nectar_responsive_text text_color=\"#000000\" font_size_desktop=\"30px\" font_size_tablet=\"27px\" font_size_phone=\"21px\" text_direction=\"default\"]\n<h1 style=\"font-weight: bold; line-height: 38px; font-style: italic; text-transform: uppercase;\">RENT A CAR AT THE AIRPORT WITH ALLOCAR<\/h1>\n[\/nectar_responsive_text][\/vc_column][\/vc_row][vc_row type=\"in_container\" full_screen_row_position=\"middle\" column_margin=\"70px\" column_direction=\"default\" column_direction_tablet=\"default\" column_direction_phone=\"default\" scene_position=\"center\" top_padding=\"2%\" text_color=\"dark\" text_align=\"left\" row_border_radius=\"none\" row_border_radius_applies=\"bg\" overflow=\"visible\" overlay_strength=\"0.3\" gradient_direction=\"left_to_right\" shape_divider_position=\"bottom\" bg_image_animation=\"none\" gradient_type=\"default\" shape_type=\"\"][vc_column column_padding=\"padding-2-percent\" column_padding_tablet=\"inherit\" column_padding_phone=\"inherit\" column_padding_position=\"all\" column_element_direction_desktop=\"default\" column_element_spacing=\"default\" desktop_text_alignment=\"default\" tablet_text_alignment=\"default\" phone_text_alignment=\"default\" background_color_opacity=\"1\" background_hover_color_opacity=\"1\" column_backdrop_filter=\"none\" column_shadow=\"medium_depth\" column_border_radius=\"20px\" column_link_target=\"_self\" column_position=\"default\" gradient_direction=\"left_to_right\" overlay_strength=\"0.3\" width=\"1\/2\" tablet_width_inherit=\"default\" animation_type=\"default\" bg_image_animation=\"none\" border_type=\"simple\" column_border_width=\"2px\" column_border_color=\"#c12729\" column_border_style=\"solid\" column_padding_type=\"default\" gradient_type=\"default\"]<div class=\"iwithtext\"><div class=\"iwt-icon\"> <i class=\"icon-default-style fa fa-phone accent-color\"><\/i> <\/div><div class=\"iwt-text\"> +596 596 02 03 23 <\/div><div class=\"clear\"><\/div><\/div><div class=\"iwithtext\"><div class=\"iwt-icon\"> <i class=\"icon-default-style steadysets-icon-map-marker accent-color\"><\/i> <\/div><div class=\"iwt-text\"> A\u00e9roport : Hippodrome de Carr\u00e8re, Le Lamentin 97232, Martinique <\/div><div class=\"clear\"><\/div><\/div><div class=\"iwithtext\"><div class=\"iwt-icon\"> <i class=\"icon-default-style steadysets-icon-clock accent-color\"><\/i> <\/div><div class=\"iwt-text\"> Opening Hours <\/div><div class=\"clear\"><\/div><\/div>[nectar_horizontal_list_item columns=\"2\" column_layout_using_2_columns=\"even\" col_1_text_align=\"left\" col_2_text_align=\"left\" col_1_text_element=\"p\" col_2_text_element=\"p\" font_family=\"p\" hover_effect=\"default\" hover_color=\"white\" icon_family=\"none\" icon_size=\"regular\" col_1_content=\"Monday\" col_2_content=\"08:00 - 20:00\"][nectar_horizontal_list_item columns=\"2\" column_layout_using_2_columns=\"even\" col_1_text_align=\"left\" col_2_text_align=\"left\" col_1_text_element=\"p\" col_2_text_element=\"p\" font_family=\"p\" hover_effect=\"default\" hover_color=\"white\" icon_family=\"none\" icon_size=\"regular\" col_1_content=\"Tuesday\" col_2_content=\"08:00 - 20:00\"][nectar_horizontal_list_item columns=\"2\" column_layout_using_2_columns=\"even\" col_1_text_align=\"left\" col_2_text_align=\"left\" col_1_text_element=\"p\" col_2_text_element=\"p\" font_family=\"p\" hover_effect=\"default\" hover_color=\"white\" icon_family=\"none\" icon_size=\"regular\" col_1_content=\"Wednesday\" col_2_content=\"08:00 - 20:00\"][nectar_horizontal_list_item columns=\"2\" column_layout_using_2_columns=\"even\" col_1_text_align=\"left\" col_2_text_align=\"left\" col_1_text_element=\"p\" col_2_text_element=\"p\" font_family=\"p\" hover_effect=\"default\" hover_color=\"white\" icon_family=\"none\" icon_size=\"regular\" col_1_content=\"Thursday\" col_2_content=\"08:00 - 20:00\"][nectar_horizontal_list_item columns=\"2\" column_layout_using_2_columns=\"even\" col_1_text_align=\"left\" col_2_text_align=\"left\" col_1_text_element=\"p\" col_2_text_element=\"p\" font_family=\"p\" hover_effect=\"default\" hover_color=\"white\" icon_family=\"none\" icon_size=\"regular\" col_1_content=\"Friday\" col_2_content=\"08:00 - 20:00\"][nectar_horizontal_list_item columns=\"2\" column_layout_using_2_columns=\"even\" col_1_text_align=\"left\" col_2_text_align=\"left\" col_1_text_element=\"p\" col_2_text_element=\"p\" font_family=\"p\" hover_effect=\"default\" hover_color=\"white\" icon_family=\"none\" icon_size=\"regular\" col_1_content=\"Saturday\" col_2_content=\"08:00 - 20:00\"][nectar_horizontal_list_item columns=\"2\" column_layout_using_2_columns=\"even\" col_1_text_align=\"left\" col_2_text_align=\"left\" col_1_text_element=\"p\" col_2_text_element=\"p\" font_family=\"p\" hover_effect=\"default\" hover_color=\"white\" icon_family=\"none\" icon_size=\"regular\" col_1_content=\"Sunday\" col_2_content=\"08:00 - 20:00\"][\/vc_column][vc_column column_padding=\"no-extra-padding\" column_padding_tablet=\"inherit\" column_padding_phone=\"inherit\" column_padding_position=\"all\" column_element_direction_desktop=\"default\" column_element_spacing=\"default\" desktop_text_alignment=\"default\" tablet_text_alignment=\"default\" phone_text_alignment=\"default\" background_color_opacity=\"1\" background_hover_color_opacity=\"1\" column_backdrop_filter=\"none\" column_shadow=\"none\" column_border_radius=\"none\" column_link_target=\"_self\" column_position=\"default\" gradient_direction=\"left_to_right\" overlay_strength=\"0.3\" width=\"1\/2\" tablet_width_inherit=\"default\" animation_type=\"default\" bg_image_animation=\"none\" border_type=\"simple\" column_border_width=\"none\" column_border_style=\"solid\"][nectar_responsive_text font_size_desktop=\"30px\" font_size_tablet=\"27px\" font_size_phone=\"21px\" text_direction=\"default\"]\n<h2 style=\"font-weight: bold; line-height: 38px; font-style: italic; text-transform: uppercase;\">CAR RENTAL INFORMATION MARTINIQUE AIRPORT<\/h2>\n[\/nectar_responsive_text][vc_column_text css=\"\" text_direction=\"default\"]\n<h3>Car Rental at Martinique Aim\u00e9 C\u00e9saire Airport<\/h3>\n<p>Aim\u00e9 C\u00e9saire International Airport is the main gateway to discovering Martinique, the island of flowers. Upon your arrival, enjoy a stress-free travel experience by choosing to rent a car with Allocar. Whether you are on a business trip or on vacation, having a vehicle at your disposal is essential for exploring the island's wonders at your own pace.<br \/>\n[\/vc_column_text][\/vc_column][\/vc_row][vc_row type=\"in_container\" full_screen_row_position=\"middle\" column_margin=\"70px\" column_direction=\"default\" column_direction_tablet=\"default\" column_direction_phone=\"default\" scene_position=\"center\" top_padding=\"3%\" text_color=\"dark\" text_align=\"left\" row_border_radius=\"none\" row_border_radius_applies=\"bg\" overflow=\"visible\" overlay_strength=\"0.3\" gradient_direction=\"left_to_right\" shape_divider_position=\"bottom\" bg_image_animation=\"none\" gradient_type=\"default\" shape_type=\"\"][vc_column column_padding=\"padding-3-percent\" column_padding_tablet=\"inherit\" column_padding_phone=\"inherit\" column_padding_position=\"top\" column_element_direction_desktop=\"default\" column_element_spacing=\"default\" desktop_text_alignment=\"default\" tablet_text_alignment=\"default\" phone_text_alignment=\"default\" background_color_opacity=\"1\" background_hover_color_opacity=\"1\" column_backdrop_filter=\"none\" column_shadow=\"none\" column_border_radius=\"none\" column_link_target=\"_self\" column_position=\"default\" gradient_direction=\"left_to_right\" overlay_strength=\"0.3\" width=\"1\/2\" tablet_width_inherit=\"default\" animation_type=\"default\" bg_image_animation=\"none\" border_type=\"simple\" column_border_width=\"none\" column_border_style=\"solid\" column_padding_type=\"default\" gradient_type=\"default\"][vc_column_text css=\"\" text_direction=\"default\"]\n<h3>The advantages of renting your car with Allocar<\/h3>\n<p>At Allocar, we understand that time is precious, especially after a long flight. That's why we offer you a quality service to enable you to collect your vehicle without a long wait. Thanks to our free shuttle service, we can pick you up just a few kilometers from the airport. Forget the long queues and start your vacation with peace of mind with Allocar.[\/vc_column_text][vc_column_text css=\"\" text_direction=\"default\"]\n<h3>What to do at the airport while you wait for your flight?<\/h3>\n<p>Aim\u00e9 C\u00e9saire airport continues to modernize and offer more and more services to enhance the traveler's experience. If you have a little time before your flight, here are some of the services available:<\/p>\n<ul>\n<li style=\"list-style-type: none;\">\n<ul>\n<li><strong>Mailbox<\/strong> to send your last postcards.<\/li>\n<li><strong>Pharmacy <\/strong>for your last health purchases.<\/li>\n<li><strong>Glacier <\/strong>for a gourmet break.<\/li>\n<li><strong>Florist <\/strong>to bring a piece of Martinique back home.<\/li>\n<li><strong>Souvenir stores<\/strong> for your last gifts.<\/li>\n<li><strong>Duty-free <\/strong>for your duty-free purchases.<\/li>\n<li><strong>Tourist board <\/strong>for information about the island<\/li>\n<\/ul>\n<\/li>\n<\/ul>\n<p>.<\/p>\n[\/vc_column_text][\/vc_column][vc_column column_padding=\"no-extra-padding\" column_padding_tablet=\"inherit\" column_padding_phone=\"inherit\" column_padding_position=\"all\" column_element_direction_desktop=\"default\" column_element_spacing=\"default\" desktop_text_alignment=\"default\" tablet_text_alignment=\"default\" phone_text_alignment=\"default\" background_color_opacity=\"1\" background_hover_color_opacity=\"1\" column_backdrop_filter=\"none\" column_shadow=\"none\" column_border_radius=\"none\" column_link_target=\"_self\" column_position=\"default\" gradient_direction=\"left_to_right\" overlay_strength=\"0.3\" width=\"1\/2\" tablet_width_inherit=\"default\" animation_type=\"default\" bg_image_animation=\"none\" border_type=\"simple\" column_border_width=\"none\" column_border_style=\"solid\"][divider line_type=\"No Line\" custom_height=\"40\"][image_with_animation image_url=\"2144\" image_size=\"full\" animation_type=\"entrance\" animation=\"None\" animation_movement_type=\"transform_y\" hover_animation=\"none\" alignment=\"\" border_radius=\"20px\" box_shadow=\"small_depth\" image_loading=\"default\" max_width=\"100%\" max_width_mobile=\"default\"][\/vc_column][\/vc_row][vc_row type=\"in_container\" full_screen_row_position=\"middle\" column_margin=\"70px\" column_direction=\"default\" column_direction_tablet=\"default\" column_direction_phone=\"default\" scene_position=\"center\" top_padding=\"4%\" text_color=\"dark\" text_align=\"left\" row_border_radius=\"none\" row_border_radius_applies=\"bg\" overflow=\"visible\" overlay_strength=\"0.3\" gradient_direction=\"left_to_right\" shape_divider_position=\"bottom\" bg_image_animation=\"none\" gradient_type=\"default\" shape_type=\"\"][vc_column column_padding=\"no-extra-padding\" column_padding_tablet=\"inherit\" column_padding_phone=\"inherit\" column_padding_position=\"all\" column_element_direction_desktop=\"default\" column_element_spacing=\"default\" desktop_text_alignment=\"default\" tablet_text_alignment=\"default\" phone_text_alignment=\"default\" background_color_opacity=\"1\" background_hover_color_opacity=\"1\" column_backdrop_filter=\"none\" column_shadow=\"none\" column_border_radius=\"none\" column_link_target=\"_self\" column_position=\"default\" gradient_direction=\"left_to_right\" overlay_strength=\"0.3\" width=\"1\/2\" tablet_width_inherit=\"default\" animation_type=\"default\" bg_image_animation=\"none\" border_type=\"simple\" column_border_width=\"none\" column_border_style=\"solid\"][image_with_animation image_url=\"2244\" image_size=\"full\" animation_type=\"entrance\" animation=\"None\" animation_movement_type=\"transform_y\" hover_animation=\"none\" alignment=\"\" border_radius=\"20px\" box_shadow=\"small_depth\" image_loading=\"default\" max_width=\"100%\" max_width_mobile=\"default\"][\/vc_column][vc_column column_padding=\"no-extra-padding\" column_padding_tablet=\"inherit\" column_padding_phone=\"inherit\" column_padding_position=\"all\" column_element_direction_desktop=\"default\" column_element_spacing=\"default\" desktop_text_alignment=\"default\" tablet_text_alignment=\"default\" phone_text_alignment=\"default\" background_color_opacity=\"1\" background_hover_color_opacity=\"1\" column_backdrop_filter=\"none\" column_shadow=\"none\" column_border_radius=\"none\" column_link_target=\"_self\" column_position=\"default\" gradient_direction=\"left_to_right\" overlay_strength=\"0.3\" width=\"1\/2\" tablet_width_inherit=\"default\" animation_type=\"default\" bg_image_animation=\"none\" border_type=\"simple\" column_border_width=\"none\" column_border_style=\"solid\"][vc_column_text css=\"\" text_direction=\"default\"]\n<h3>Car Rental at Martinique Aim\u00e9 C\u00e9saire Airport<\/h3>\n<p>Aim\u00e9 C\u00e9saire International Airport is the main gateway to discovering Martinique, the island of flowers. Upon your arrival, enjoy a stress-free travel experience by choosing to rent a car with Allocar. Whether you are traveling for business or on vacation, having a vehicle at your disposal is essential for exploring the wonders of the island at your own pace.<br \/>\n[\/vc_column_text][vc_column_text css=\"\" text_direction=\"default\"]\n<h3>The Galleria<\/h3>\n<p>Located just a few minutes from the airport, La Galleria is the must-visit shopping center in Martinique. With its numerous shops, it\u2019s the perfect place for your last-minute purchases before your flight. You will find everything from clothing to souvenirs, and of course, the famous Martinique rum to take home. It\u2019s also an excellent spot to dine, with a wide selection of restaurants offering a variety of cuisines. Lastly, for technology and culture enthusiasts, the Fnac at La Galleria is the perfect place to buy travel gear or books.<br \/>\nWhether you\u2019re looking for souvenirs or just a last moment of relaxation before leaving the island, La Galleria provides everything you need in a modern and pleasant atmosphere.<br \/>\n[\/vc_column_text][\/vc_column][\/vc_row]\n","protected":false},"excerpt":{"rendered":"<p>[vc_row type=\"in_container\" full_screen_row_position=\"middle\" column_margin=\"default\" column_direction=\"default\" column_direction_tablet=\"default\" column_direction_phone=\"default\" scene_position=\"center\" text_color=\"dark\" text_align=\"left\" row_border_radius=\"none\" row_border_radius_applies=\"bg\" overflow=\"visible\" overlay_strength=\"0.3\" gradient_direction=\"left_to_right\" shape_divider_position=\"bottom\" bg_image_animation=\"none\"][vc_column column_padding=\"no-extra-padding\" column_padding_tablet=\"inherit\" column_padding_phone=\"inherit\" column_padding_position=\"all\" column_element_direction_desktop=\"default\" column_element_spacing=\"default\" desktop_text_alignment=\"default\" tablet_text_alignment=\"default\" phone_text_alignment=\"default\" background_color_opacity=\"1\" background_hover_color_opacity=\"1\" column_backdrop_filter=\"none\" column_shadow=\"none\"...<\/p>\n","protected":false},"author":1,"featured_media":0,"parent":1693,"menu_order":0,"comment_status":"closed","ping_status":"closed","template":"","meta":{"inline_featured_image":false,"footnotes":""},"class_list":["post-2890","page","type-page","status-publish"],"yoast_head":"<!-- This site is optimized with the Yoast SEO plugin v27.4 - https:\/\/yoast.com\/product\/yoast-seo-wordpress\/ -->\n<title>Location voiture Martinique - A\u00e9roport Aim\u00e9 C\u00e9saire<\/title>\n<meta name=\"description\" content=\"D\u00e9couvrez notre service de location de voiture \u00e0 l&#039;a\u00e9roport Aim\u00e9 C\u00e9saire en Martinique. Profitez de tarifs comp\u00e9titifs\" \/>\n<meta name=\"robots\" content=\"index, follow, max-snippet:-1, max-image-preview:large, max-video-preview:-1\" \/>\n<link rel=\"canonical\" href=\"https:\/\/allocar-martinique.fr\/en\/agencies\/aeroport\/\" \/>\n<meta property=\"og:locale\" content=\"en_US\" \/>\n<meta property=\"og:type\" content=\"article\" \/>\n<meta property=\"og:title\" content=\"Location voiture Martinique - A\u00e9roport Aim\u00e9 C\u00e9saire\" \/>\n<meta property=\"og:description\" content=\"D\u00e9couvrez notre service de location de voiture \u00e0 l&#039;a\u00e9roport Aim\u00e9 C\u00e9saire en Martinique. Profitez de tarifs comp\u00e9titifs\" \/>\n<meta property=\"og:url\" content=\"https:\/\/allocar-martinique.fr\/en\/agencies\/aeroport\/\" \/>\n<meta property=\"og:site_name\" content=\"AlloCar Martinique\" \/>\n<meta property=\"article:publisher\" content=\"https:\/\/www.facebook.com\/allocarmartinique\" \/>\n<meta property=\"article:modified_time\" content=\"2024-11-02T13:42:54+00:00\" \/>\n<meta name=\"twitter:card\" content=\"summary_large_image\" \/>\n<meta name=\"twitter:label1\" content=\"Est. reading time\" \/>\n\t<meta name=\"twitter:data1\" content=\"5 minutes\" \/>\n<!-- \/ Yoast SEO plugin. -->","yoast_head_json":{"title":"Location voiture Martinique - A\u00e9roport Aim\u00e9 C\u00e9saire","description":"D\u00e9couvrez notre service de location de voiture \u00e0 l'a\u00e9roport Aim\u00e9 C\u00e9saire en Martinique. Profitez de tarifs comp\u00e9titifs","robots":{"index":"index","follow":"follow","max-snippet":"max-snippet:-1","max-image-preview":"max-image-preview:large","max-video-preview":"max-video-preview:-1"},"canonical":"https:\/\/allocar-martinique.fr\/en\/agencies\/aeroport\/","og_locale":"en_US","og_type":"article","og_title":"Location voiture Martinique - A\u00e9roport Aim\u00e9 C\u00e9saire","og_description":"D\u00e9couvrez notre service de location de voiture \u00e0 l'a\u00e9roport Aim\u00e9 C\u00e9saire en Martinique. Profitez de tarifs comp\u00e9titifs","og_url":"https:\/\/allocar-martinique.fr\/en\/agencies\/aeroport\/","og_site_name":"AlloCar Martinique","article_publisher":"https:\/\/www.facebook.com\/allocarmartinique","article_modified_time":"2024-11-02T13:42:54+00:00","twitter_card":"summary_large_image","twitter_misc":{"Est. reading time":"5 minutes"},"schema":{"@context":"https:\/\/schema.org","@graph":[{"@type":"WebPage","@id":"https:\/\/allocar-martinique.fr\/en\/agencies\/aeroport\/","url":"https:\/\/allocar-martinique.fr\/en\/agencies\/aeroport\/","name":"Location voiture Martinique - A\u00e9roport Aim\u00e9 C\u00e9saire","isPartOf":{"@id":"https:\/\/allocar-martinique.fr\/en\/#website"},"datePublished":"2024-09-04T09:57:54+00:00","dateModified":"2024-11-02T13:42:54+00:00","description":"D\u00e9couvrez notre service de location de voiture \u00e0 l'a\u00e9roport Aim\u00e9 C\u00e9saire en Martinique. Profitez de tarifs comp\u00e9titifs","breadcrumb":{"@id":"https:\/\/allocar-martinique.fr\/en\/agencies\/aeroport\/#breadcrumb"},"inLanguage":"en-US","potentialAction":[{"@type":"ReadAction","target":["https:\/\/allocar-martinique.fr\/en\/agencies\/aeroport\/"]}]},{"@type":"BreadcrumbList","@id":"https:\/\/allocar-martinique.fr\/en\/agencies\/aeroport\/#breadcrumb","itemListElement":[{"@type":"ListItem","position":1,"name":"Home","item":"https:\/\/allocar-martinique.fr\/en\/"},{"@type":"ListItem","position":2,"name":"agencies","item":"https:\/\/allocar-martinique.fr\/en\/agencies\/"},{"@type":"ListItem","position":3,"name":"Aeroport"}]},{"@type":"WebSite","@id":"https:\/\/allocar-martinique.fr\/en\/#website","url":"https:\/\/allocar-martinique.fr\/en\/","name":"AlloCar Martinique","description":"","publisher":{"@id":"https:\/\/allocar-martinique.fr\/en\/#organization"},"potentialAction":[{"@type":"SearchAction","target":{"@type":"EntryPoint","urlTemplate":"https:\/\/allocar-martinique.fr\/en\/?s={search_term_string}"},"query-input":{"@type":"PropertyValueSpecification","valueRequired":true,"valueName":"search_term_string"}}],"inLanguage":"en-US"},{"@type":"Organization","@id":"https:\/\/allocar-martinique.fr\/en\/#organization","name":"AlloCar Martinique","url":"https:\/\/allocar-martinique.fr\/en\/","logo":{"@type":"ImageObject","inLanguage":"en-US","@id":"https:\/\/allocar-martinique.fr\/en\/#\/schema\/logo\/image\/","url":"https:\/\/allocar-martinique.fr\/wp-content\/uploads\/2024\/08\/LOGO-ALLOCAR-MARTINIQUE.svg","contentUrl":"https:\/\/allocar-martinique.fr\/wp-content\/uploads\/2024\/08\/LOGO-ALLOCAR-MARTINIQUE.svg","width":130,"height":66,"caption":"AlloCar Martinique"},"image":{"@id":"https:\/\/allocar-martinique.fr\/en\/#\/schema\/logo\/image\/"},"sameAs":["https:\/\/www.facebook.com\/allocarmartinique","https:\/\/www.instagram.com\/allocarmartinique\/"]}]}},"_links":{"self":[{"href":"https:\/\/allocar-martinique.fr\/en\/wp-json\/wp\/v2\/pages\/2890","targetHints":{"allow":["GET"]}}],"collection":[{"href":"https:\/\/allocar-martinique.fr\/en\/wp-json\/wp\/v2\/pages"}],"about":[{"href":"https:\/\/allocar-martinique.fr\/en\/wp-json\/wp\/v2\/types\/page"}],"author":[{"embeddable":true,"href":"https:\/\/allocar-martinique.fr\/en\/wp-json\/wp\/v2\/users\/1"}],"replies":[{"embeddable":true,"href":"https:\/\/allocar-martinique.fr\/en\/wp-json\/wp\/v2\/comments?post=2890"}],"version-history":[{"count":2,"href":"https:\/\/allocar-martinique.fr\/en\/wp-json\/wp\/v2\/pages\/2890\/revisions"}],"predecessor-version":[{"id":2905,"href":"https:\/\/allocar-martinique.fr\/en\/wp-json\/wp\/v2\/pages\/2890\/revisions\/2905"}],"up":[{"embeddable":true,"href":"https:\/\/allocar-martinique.fr\/en\/wp-json\/wp\/v2\/pages\/1693"}],"wp:attachment":[{"href":"https:\/\/allocar-martinique.fr\/en\/wp-json\/wp\/v2\/media?parent=2890"}],"curies":[{"name":"wp","href":"https:\/\/api.w.org\/{rel}","templated":true}]}}