{"id":1444,"date":"2024-09-02T06:35:23","date_gmt":"2024-09-02T10:35:23","guid":{"rendered":"https:\/\/allocar-martinique.fr\/?page_id=1444"},"modified":"2024-11-05T04:51:15","modified_gmt":"2024-11-05T08:51:15","slug":"agences","status":"publish","type":"page","link":"https:\/\/allocar-martinique.fr\/fr\/agences\/","title":{"rendered":"Nos agences en Martinique"},"content":{"rendered":"[vc_row type=\"in_container\" full_screen_row_position=\"middle\" column_margin=\"default\" column_direction=\"default\" column_direction_tablet=\"default\" column_direction_phone=\"default\" scene_position=\"center\" text_color=\"dark\" text_align=\"left\" row_border_radius=\"none\" row_border_radius_applies=\"bg\" overflow=\"visible\" overlay_strength=\"0.3\" gradient_direction=\"left_to_right\" shape_divider_position=\"bottom\" bg_image_animation=\"none\"][vc_column column_padding=\"no-extra-padding\" column_padding_tablet=\"inherit\" column_padding_phone=\"inherit\" column_padding_position=\"all\" column_element_direction_desktop=\"default\" column_element_spacing=\"default\" desktop_text_alignment=\"default\" tablet_text_alignment=\"default\" phone_text_alignment=\"default\" background_color_opacity=\"1\" background_hover_color_opacity=\"1\" column_backdrop_filter=\"none\" column_shadow=\"none\" column_border_radius=\"none\" column_link_target=\"_self\" column_position=\"default\" gradient_direction=\"left_to_right\" overlay_strength=\"0.3\" width=\"1\/1\" tablet_width_inherit=\"default\" animation_type=\"default\" bg_image_animation=\"none\" border_type=\"simple\" column_border_width=\"none\" column_border_style=\"solid\"][vc_column_text css=\".vc_custom_1727344524436{padding-top: 20px !important;}\" text_direction=\"default\"]\r\n<span><span><a href=\"https:\/\/allocar-martinique.fr\/fr\/\">Accueil<\/a><\/span><\/span>\r\n[\/vc_column_text][\/vc_column][\/vc_row][vc_row type=\"in_container\" full_screen_row_position=\"middle\" column_margin=\"default\" column_direction=\"default\" column_direction_tablet=\"default\" column_direction_phone=\"default\" scene_position=\"center\" text_color=\"dark\" text_align=\"left\" row_border_radius=\"none\" row_border_radius_applies=\"bg\" overflow=\"visible\" overlay_strength=\"0.3\" gradient_direction=\"left_to_right\" shape_divider_position=\"bottom\" bg_image_animation=\"none\"][vc_column column_padding=\"no-extra-padding\" column_padding_tablet=\"inherit\" column_padding_phone=\"inherit\" column_padding_position=\"all\" column_element_direction_desktop=\"default\" column_element_spacing=\"default\" desktop_text_alignment=\"default\" tablet_text_alignment=\"default\" phone_text_alignment=\"default\" background_color_opacity=\"1\" background_hover_color_opacity=\"1\" column_backdrop_filter=\"none\" column_shadow=\"none\" column_border_radius=\"none\" column_link_target=\"_self\" column_position=\"default\" gradient_direction=\"left_to_right\" overlay_strength=\"0.3\" width=\"1\/1\" tablet_width_inherit=\"default\" animation_type=\"default\" bg_image_animation=\"none\" border_type=\"simple\" column_border_width=\"none\" column_border_style=\"solid\"][nectar_responsive_text text_direction=\"default\" font_size_desktop=\"36px\" font_size_tablet=\"28px\" font_size_phone=\"23px\"]\r\n<h1>Nos agences de location de voiture en martinique<\/h1>\r\n[\/nectar_responsive_text][vc_column_text css=\"\" text_direction=\"default\"]\r\n<p>Bienvenue chez nous, votre partenaire de confiance pour la <a href=\"\/\">location de voiture en Martinique<\/a>. Nous sommes ravis de vous proposer une large gamme de v\u00e9hicules adapt\u00e9s \u00e0 tous vos besoins. Que vous recherchiez une citadine agile pour naviguer en ville, une berline confortable pour vos d\u00e9placements professionnels, ou un 4x4 robuste pour explorer les routes pittoresques de l'\u00eele, nous avons ce qu'il vous faut.<\/p>\r\n[\/vc_column_text][toggles style=\"minimal_small\"][toggle color=\"Default\" heading_tag=\"default\" heading_tag_functionality=\"default\" title=\"En savoir plus\"][vc_column_text css=\"\" text_direction=\"default\"]\r\n<p>Nous pensons \u00e0 tout le monde, y compris aux jeunes conducteurs, en offrant des options adapt\u00e9es et un <strong>kilom\u00e9trage illimit\u00e9 <\/strong>pour que vous puissiez d\u00e9couvrir la Martinique sans contraintes. D\u00e8s votre arriv\u00e9e \u00e0 l'<strong>a\u00e9roport Aim\u00e9 C\u00e9saire<\/strong>, nous sommes l\u00e0 pour vous accueillir et faciliter votre voyage. Notre flotte comprend des mod\u00e8les de marques reconnues comme <strong>Renault<\/strong>, <strong>Kia <\/strong>et <strong>Dacia<\/strong>, garantissant fiabilit\u00e9 et confort tout au long de votre s\u00e9jour.<br \/>Nous comprenons que la flexibilit\u00e9 est essentielle, c'est pourquoi nous offrons des options de paiement vari\u00e9es et des politiques de retour souples. Notre \u00e9quipe est d\u00e9di\u00e9e \u00e0 rendre votre exp\u00e9rience aussi agr\u00e9able que possible, en vous fournissant des v\u00e9hicules v\u00e9rifi\u00e9s et en excellent \u00e9tat. De plus, nous proposons des <strong>assurances et protections<\/strong> pour rouler en toute s\u00e9r\u00e9nit\u00e9.<br \/>N'h\u00e9sitez pas \u00e0 nous contacter pour toute question concernant les <strong>politiques de carburant<\/strong>, les exigences li\u00e9es au <strong>permis de conduire international<\/strong> ou les \u00e9ventuelles <strong>taxes sur les locations de voiture<\/strong>. Nous sommes l\u00e0 pour vous accompagner et rendre votre aventure martiniquaise inoubliable.<br \/>R\u00e9servez d\u00e8s maintenant et laissez-nous vous aider \u00e0 d\u00e9couvrir les merveilles de la Martinique en toute libert\u00e9.<\/p>\r\n<h2>Les monuments et paysages \u00e0 voir en voiture en Martinique<\/h2>\r\n<p>En disposant d'une voiture, nous pouvons explorer les tr\u00e9sors cach\u00e9s de la Martinique en toute libert\u00e9. Les plages paradisiaques sont ainsi \u00e0 port\u00e9e de main. La <strong>plage des Salines<\/strong>, situ\u00e9e \u00e0 environ <strong>60 km<\/strong> de Fort-de-France, est r\u00e9put\u00e9e pour son sable blanc et ses eaux turquoise. Avec notre v\u00e9hicule, il est facile de s'y rendre t\u00f4t le matin pour profiter du lever du soleil.<br \/>Les monuments historiques sont \u00e9galement plus accessibles. Le <strong>Mus\u00e9e de la Pagerie<\/strong>, aux <strong>Trois-\u00celets<\/strong>, nous plonge dans l'histoire de Jos\u00e9phine de Beauharnais, l'\u00e9pouse de Napol\u00e9on Bonaparte. \u00c0 Saint-Pierre, nous pouvons visiter les ruines de l'ancienne capitale, d\u00e9truite par l'\u00e9ruption de la <strong>Montagne Pel\u00e9e<\/strong> en 1902. Ces sites nous offrent un aper\u00e7u fascinant du pass\u00e9 de l'\u00eele.<br \/>Les mus\u00e9es enrichissants ne manquent pas non plus. Le <strong>Mus\u00e9e d'Histoire et d'Ethnographie<\/strong> de Fort-de-France propose une collection unique sur la culture martiniquaise. En ayant une voiture, nous pouvons \u00e9galement nous rendre au <strong>Mus\u00e9e de la Banane \u00e0 Sainte-Marie<\/strong>, \u00e0 environ <strong>40 km<\/strong> de la capitale, pour tout savoir sur ce fruit embl\u00e9matique de l'\u00eele.<br \/>Les <strong>mornes<\/strong>, ces collines verdoyantes, offrent des panoramas exceptionnels. Le <strong>Morne Rouge<\/strong>, le village le plus \u00e9lev\u00e9 de Martinique, est accessible en voiture et permet de d\u00e9couvrir la flore locale au Jardin de Balata. En empruntant la <strong>Route de la Trace<\/strong><strong>, nous traversons la for\u00eat tropicale et pouvons admirer des points de vue \u00e0 couper le souffle.<br \/>Avec notre v\u00e9hicule, il est aussi possible d'explorer des sites moins fr\u00e9quent\u00e9s. La plage de l'<strong>Anse Couleuvre<\/strong>, au nord de l'\u00eele, est un v\u00e9ritable havre de paix. Le village de p\u00eacheurs de <strong>Grand'Rivi\u00e8re<\/strong> offre une exp\u00e9rience authentique de la vie locale. Gr\u00e2ce \u00e0 la location de voiture, notre s\u00e9jour en Martinique devient une aventure riche et m\u00e9morable, o\u00f9 chaque jour est une nouvelle d\u00e9couverte.<br \/>[\/vc_column_text][\/toggle][\/toggles][\/vc_column][\/vc_row][vc_row type=\"in_container\" full_screen_row_position=\"middle\" column_margin=\"default\" column_direction=\"default\" column_direction_tablet=\"default\" column_direction_phone=\"default\" scene_position=\"center\" text_color=\"dark\" text_align=\"left\" row_border_radius=\"none\" row_border_radius_applies=\"bg\" overflow=\"visible\" overlay_strength=\"0.3\" gradient_direction=\"left_to_right\" shape_divider_position=\"bottom\" bg_image_animation=\"none\"][vc_column column_padding=\"no-extra-padding\" column_padding_tablet=\"inherit\" column_padding_phone=\"inherit\" column_padding_position=\"all\" column_element_direction_desktop=\"default\" column_element_spacing=\"default\" desktop_text_alignment=\"default\" tablet_text_alignment=\"default\" phone_text_alignment=\"default\" background_color_opacity=\"1\" background_hover_color_opacity=\"1\" column_backdrop_filter=\"none\" column_shadow=\"none\" column_border_radius=\"none\" column_link_target=\"_self\" column_position=\"default\" gradient_direction=\"left_to_right\" overlay_strength=\"0.3\" width=\"1\/1\" tablet_width_inherit=\"default\" animation_type=\"default\" bg_image_animation=\"none\" border_type=\"simple\" column_border_width=\"none\" column_border_style=\"solid\"][vc_column_text]\n<div class=\"wrap plugin-container\">\n\n\t\n\t\n\t\t<div class=\"notice is-dismissible notice-warning\">\n\t\t\t\t\t<p>Votre version Pro de Vik Rent Car a \u00e9t\u00e9 r\u00e9trograd\u00e9e en version gratuite apr\u00e8s la mise \u00e0 jour. Veuillez visiter la page <a href=\"admin.php?page=vikrentcar&view=getpro\">Go to Pro<\/a> pour restaurer vos param\u00e8tres Pro et compl\u00e9ter le processus de mise \u00e0 jour.<\/p>\n\t\t\t\t<\/div>\n\t\r\n<table style=\"width: 100%; border-collapse: collapse; border:none;\">\r\n\r\n    <td style=\"width: 50%; vertical-align: top ;border-collapse: collapse; border:none;\">\r\n\t\t<div class=\"vrc-locationslist-wrapper\">\r\n\t\t\t\t\t<div class=\"vrclocationbox\">\r\n\t\t\t\t<h3 class=\"vrcloclistlocname\">AEROPORT<\/h3>\r\n\t\t\t\t\r\n\t\t\t\t<p>Hippodrome de Carr\u00e8re, Le Lamentin 97232, Martinique<\/p>\t\t\t\t                <p>L'a\u00e9roport international Aim\u00e9 C\u00e9saire est la porte d'entr\u00e9e principale pour d\u00e9couvrir la Martinique, l'\u00eele aux fleurs. D\u00e8s votre arriv\u00e9e, profitez d'une exp\u00e9rience de voyage sans stress en op...<\/p>\t\t\t\t\r\n\t\t\t\t\t\t\t\t\t<div class=\"vrcloclistloctimebox\">\r\n\t\t\t\t\t\t<i class=\"fa fa-clock-o\"><\/i>\r\n\t\t\t\t\t\tHeure d'ouverture\t\t\t\t\t\t<span class=\"vrcloclistloctimehour\"> 08:00 - 20:00 <\/span>\r\n\t\t\t\t\t<\/div>\r\n\t\t\t\t\t\t\t\t<div class=\"vrcloclistloclink\"><a href=\"https:\/\/allocar-martinique.fr\/fr\/wp-json\/wp\/v2\/pages\/1444location-voiture-aeroport\">voirlesdetailsdelagence<\/a><\/div>\r\n\t\t\t\t<div><\/div>\r\n\t\t\t<\/div>\r\n\t\t\t\t\t\t<div class=\"vrclocationbox\">\r\n\t\t\t\t<h3 class=\"vrcloclistlocname\">AGENCE FORT DE FRANCE<\/h3>\r\n\t\t\t\t\r\n\t\t\t\t<p>RUE RUBAN MARTYR 28 RUE DU MORNE MORISSOT 97200 FORT-DE-FRANCE<\/p>\t\t\t\t                <p>Chez Allocar, nous comprenons que le temps est pr\u00e9cieux, surtout apr\u00e8s un long vol. C\u2019est pourquoi nous vous offrons un service de qualit\u00e9 pour vous permettre de r\u00e9cup\u00e9rer votre v\u00e9hicule sans ...<\/p>\t\t\t\t\r\n\t\t\t\t\t\t\t\t\t<div class=\"vrcloclistloctimebox\">\r\n\t\t\t\t\t\t<i class=\"fa fa-clock-o\"><\/i>\r\n\t\t\t\t\t\tHeure d'ouverture\t\t\t\t\t\t<span class=\"vrcloclistloctimehour\"> 08:00 - 20:00 <\/span>\r\n\t\t\t\t\t<\/div>\r\n\t\t\t\t\t\t\t\t<div class=\"vrcloclistloclink\"><a href=\"https:\/\/allocar-martinique.fr\/fr\/wp-json\/wp\/v2\/pages\/1444agence-location-voiture-fort-de-france\">voirlesdetailsdelagence<\/a><\/div>\r\n\t\t\t\t<div><\/div>\r\n\t\t\t<\/div>\r\n\t\t\t\t\t\t<div class=\"vrclocationbox\">\r\n\t\t\t\t<h3 class=\"vrcloclistlocname\">PORT<\/h3>\r\n\t\t\t\t\r\n\t\t\t\t<p>RUE RUBAN MARTYR 28 RUE DU MORNE MORISSOT 97200 FORT-DE-FRANCE<\/p>\t\t\t\t                <p>Le garnd port de Fort-de-France est un point d'arriv\u00e9e majeur pour les croisi\u00e9ristes et voyageurs arrivant en Martinique par voie maritime. Que vous soyez ici pour une escale ou un s\u00e9jour prolong\u00e9...<\/p>\t\t\t\t\r\n\t\t\t\t\t\t\t\t\t<div class=\"vrcloclistloctimebox\">\r\n\t\t\t\t\t\t<i class=\"fa fa-clock-o\"><\/i>\r\n\t\t\t\t\t\tHeure d'ouverture\t\t\t\t\t\t<span class=\"vrcloclistloctimehour\"> 08:00 - 20:00 <\/span>\r\n\t\t\t\t\t<\/div>\r\n\t\t\t\t\t\t\t\t<div class=\"vrcloclistloclink\"><a href=\"https:\/\/allocar-martinique.fr\/fr\/wp-json\/wp\/v2\/pages\/1444location-voiture-port\">voirlesdetailsdelagence<\/a><\/div>\r\n\t\t\t\t<div><\/div>\r\n\t\t\t<\/div>\r\n\t\t\t\t\t\t<div class=\"vrclocationbox\">\r\n\t\t\t\t<h3 class=\"vrcloclistlocname\">AGENCE LE LAMENTIN<\/h3>\r\n\t\t\t\t\r\n\t\t\t\t<p>Hippodrome de Carr\u00e8re, Le Lamentin 97232, Martinique<\/p>\t\t\t\t                <p>Le Lamentin, v\u00e9ritable carrefour de la Martinique, est le point de d\u00e9part id\u00e9al pour une aventure inoubliable sur l\u2019\u00eele aux fleurs. Que vous soyez ici pour une escapade tropicale ou un s\u00e9jour p...<\/p>\t\t\t\t\r\n\t\t\t\t\t\t\t\t\t<div class=\"vrcloclistloctimebox\">\r\n\t\t\t\t\t\t<i class=\"fa fa-clock-o\"><\/i>\r\n\t\t\t\t\t\tHeure d'ouverture\t\t\t\t\t\t<span class=\"vrcloclistloctimehour\"> 08:00 - 20:00 <\/span>\r\n\t\t\t\t\t<\/div>\r\n\t\t\t\t\t\t\t\t<div class=\"vrcloclistloclink\"><a href=\"https:\/\/allocar-martinique.fr\/fr\/wp-json\/wp\/v2\/pages\/1444location-voiture-le-lamentin\">voirlesdetailsdelagence<\/a><\/div>\r\n\t\t\t\t<div><\/div>\r\n\t\t\t<\/div>\r\n\t\t\t\t<\/div>\r\n    <\/td>\r\n    <td style=\"width: 50%; padding: 25px 0 0 0;border-collapse: collapse; border:none;\">\r\n\t\t\t<script type=\"text\/javascript\">\r\n\t\tjQuery.noConflict();\r\n\t\tjQuery(document).ready(function(){\r\n\t\t\tvar map = new google.maps.Map(document.getElementById(\"vrcmapcanvas\"), {mapTypeId: google.maps.MapTypeId.ROADMAP});\r\n\t\t\t\t\t\tvar marker1 = new google.maps.Marker({\r\n\t\t\t\tposition: new google.maps.LatLng(14.60608804, -60.9862164590),\r\n\t\t\t\tmap: map,\r\n\t\t\t\ttitle: 'AEROPORT'\r\n\t\t\t});\r\n\t\t\t\t\t\t\tvar tooltip1 = '<div class=\"vrcgmapinfow\"><h3>AEROPORT<\/h3><div class=\"vrcgmapinfowdescr\">L\\'a\u00e9roport international Aim\u00e9 C\u00e9saire est la porte d\\'entr\u00e9e principale pour d\u00e9couvrir la Martinique, l\\'\u00eele aux fleurs. D\u00e8s votre arriv\u00e9e, profitez d\\'une exp\u00e9rience de voyage sans stress en optant pour la location de voiture avec Allocar. Que vous soyez en voyage d\\'affaires ou en vacances, avoir un v\u00e9hicule \u00e0 votre disposition est essentiel pour explorer les merveilles de l\\'\u00eele \u00e0 votre rythme<\/div><\/div>';\r\n\t\t\tvar infowindow1 = new google.maps.InfoWindow({\r\n\t\t\t\tcontent: tooltip1\t\t\t});\r\n\t\t\tgoogle.maps.event.addListener(marker1, 'click', function() {\r\n\t\t\t\tinfowindow1.open(map, marker1);\r\n\t\t\t});\r\n\t\t\t\t\t\t\t\tvar marker2 = new google.maps.Marker({\r\n\t\t\t\tposition: new google.maps.LatLng(14.6201029, -61.042971),\r\n\t\t\t\tmap: map,\r\n\t\t\t\ttitle: 'AGENCE FORT DE FRANCE'\r\n\t\t\t});\r\n\t\t\t\t\t\t\tvar tooltip2 = '<div class=\"vrcgmapinfow\"><h3>AGENCE FORT DE FRANCE<\/h3><div class=\"vrcgmapinfowdescr\">Chez Allocar, nous comprenons que le temps est pr\u00e9cieux, surtout apr\u00e8s un long vol. C\u2019est pourquoi nous vous offrons un service de qualit\u00e9 pour vous permettre de r\u00e9cup\u00e9rer votre v\u00e9hicule sans attente prolong\u00e9e.<\/div><\/div>';\r\n\t\t\tvar infowindow2 = new google.maps.InfoWindow({\r\n\t\t\t\tcontent: tooltip2\t\t\t});\r\n\t\t\tgoogle.maps.event.addListener(marker2, 'click', function() {\r\n\t\t\t\tinfowindow2.open(map, marker2);\r\n\t\t\t});\r\n\t\t\t\t\t\t\t\tvar marker3 = new google.maps.Marker({\r\n\t\t\t\tposition: new google.maps.LatLng(14.601752, -61.064698),\r\n\t\t\t\tmap: map,\r\n\t\t\t\ttitle: 'PORT'\r\n\t\t\t});\r\n\t\t\t\t\t\t\tvar tooltip3 = '<div class=\"vrcgmapinfow\"><h3>PORT<\/h3><div class=\"vrcgmapinfowdescr\">Le garnd port de Fort-de-France est un point d\\'arriv\u00e9e majeur pour les croisi\u00e9ristes et voyageurs arrivant en Martinique par voie maritime. Que vous soyez ici pour une escale ou un s\u00e9jour prolong\u00e9, louer une voiture avec Allocar vous permettra d\u2019explorer l\u2019\u00eele \u00e0 votre rythme, sans les contraintes des transports en commun. Profitez d\u2019un service rapide et efficace pour r\u00e9cup\u00e9rer votre v\u00e9hicule d\u00e8s votre arriv\u00e9e au port.<\/div><\/div>';\r\n\t\t\tvar infowindow3 = new google.maps.InfoWindow({\r\n\t\t\t\tcontent: tooltip3\t\t\t});\r\n\t\t\tgoogle.maps.event.addListener(marker3, 'click', function() {\r\n\t\t\t\tinfowindow3.open(map, marker3);\r\n\t\t\t});\r\n\t\t\t\t\t\t\t\tvar marker4 = new google.maps.Marker({\r\n\t\t\t\tposition: new google.maps.LatLng(14.5905539294572, -60.987253414989),\r\n\t\t\t\tmap: map,\r\n\t\t\t\ttitle: 'AGENCE LE LAMENTIN'\r\n\t\t\t});\r\n\t\t\t\t\t\t\tvar tooltip4 = '<div class=\"vrcgmapinfow\"><h3>AGENCE LE LAMENTIN<\/h3><div class=\"vrcgmapinfowdescr\">Le Lamentin, v\u00e9ritable carrefour de la Martinique, est le point de d\u00e9part id\u00e9al pour une aventure inoubliable sur l\u2019\u00eele aux fleurs. Que vous soyez ici pour une escapade tropicale ou un s\u00e9jour professionnel, lib\u00e9rez-vous des contraintes des transports en commun en optant pour une location de voiture avec Allocar.<\/div><\/div>';\r\n\t\t\tvar infowindow4 = new google.maps.InfoWindow({\r\n\t\t\t\tcontent: tooltip4\t\t\t});\r\n\t\t\tgoogle.maps.event.addListener(marker4, 'click', function() {\r\n\t\t\t\tinfowindow4.open(map, marker4);\r\n\t\t\t});\r\n\t\t\t\t\t\t\t\t\r\n\t\t\tvar lat_min = 14.5905539294572;\r\n\t\t\tvar lat_max = 14.6201029;\r\n\t\t\tvar lng_min = -61.064698;\r\n\t\t\tvar lng_max = -60.9862164590;\r\n\t\t\t\r\n\t\t\tmap.setCenter(new google.maps.LatLng( ((lat_max + lat_min) \/ 2.0), ((lng_max + lng_min) \/ 2.0) ));\r\n\t\t\tmap.fitBounds(new google.maps.LatLngBounds(new google.maps.LatLng(lat_min, lng_min), new google.maps.LatLng(lat_max, lng_max)));\r\n\r\n\t\t});\r\n\t\t<\/script>\r\n\t\t<div id=\"vrcmapcanvas\"><\/div>\r\n    <\/td>\r\n<\/tr>\r\n<\/table>\r\n\t\n<\/div>\n<\/strong><\/p>\n<p>\n[\/vc_column_text][\/vc_column][\/vc_row]","protected":false},"excerpt":{"rendered":"<p>[vc_row type=\"in_container\" full_screen_row_position=\"middle\" column_margin=\"default\" column_direction=\"default\" column_direction_tablet=\"default\" column_direction_phone=\"default\" scene_position=\"center\" text_color=\"dark\" text_align=\"left\" row_border_radius=\"none\" row_border_radius_applies=\"bg\" overflow=\"visible\" overlay_strength=\"0.3\" gradient_direction=\"left_to_right\" shape_divider_position=\"bottom\" bg_image_animation=\"none\"][vc_column column_padding=\"no-extra-padding\" column_padding_tablet=\"inherit\" column_padding_phone=\"inherit\" column_padding_position=\"all\" column_element_direction_desktop=\"default\" column_element_spacing=\"default\" desktop_text_alignment=\"default\" tablet_text_alignment=\"default\" phone_text_alignment=\"default\" background_color_opacity=\"1\" background_hover_color_opacity=\"1\" column_backdrop_filter=\"none\" column_shadow=\"none\"...<\/p>\n","protected":false},"author":1,"featured_media":0,"parent":0,"menu_order":0,"comment_status":"closed","ping_status":"closed","template":"","meta":{"inline_featured_image":false,"footnotes":""},"class_list":["post-1444","page","type-page","status-publish"],"yoast_head":"<!-- This site is optimized with the Yoast SEO plugin v27.5 - https:\/\/yoast.com\/product\/yoast-seo-wordpress\/ -->\n<title>Nos agences Allocar en Martinique : Aeroport et Fort de France<\/title>\n<meta name=\"description\" content=\"D\u00e9couvrez nos diff\u00e9rentes agences de location de voiture en martinique, Aeroport, Fort de France et grand port de Fort-de-France\" \/>\n<meta name=\"robots\" content=\"index, follow, max-snippet:-1, max-image-preview:large, max-video-preview:-1\" \/>\n<link rel=\"canonical\" href=\"https:\/\/allocar-martinique.fr\/fr\/agences\/\" \/>\n<meta property=\"og:locale\" content=\"fr_FR\" \/>\n<meta property=\"og:type\" content=\"article\" \/>\n<meta property=\"og:title\" content=\"Nos agences Allocar en Martinique : Aeroport et Fort de France\" \/>\n<meta property=\"og:description\" content=\"D\u00e9couvrez nos diff\u00e9rentes agences de location de voiture en martinique, Aeroport, Fort de France et grand port de Fort-de-France\" \/>\n<meta property=\"og:url\" content=\"https:\/\/allocar-martinique.fr\/fr\/agences\/\" \/>\n<meta property=\"og:site_name\" content=\"AlloCar Martinique\" \/>\n<meta property=\"article:publisher\" content=\"https:\/\/www.facebook.com\/allocarmartinique\" \/>\n<meta property=\"article:modified_time\" content=\"2024-11-05T08:51:15+00:00\" \/>\n<meta name=\"twitter:card\" content=\"summary_large_image\" \/>\n<meta name=\"twitter:label1\" content=\"Dur\u00e9e de lecture estim\u00e9e\" \/>\n\t<meta name=\"twitter:data1\" content=\"4 minutes\" \/>\n<!-- \/ Yoast SEO plugin. -->","yoast_head_json":{"title":"Nos agences Allocar en Martinique : Aeroport et Fort de France","description":"D\u00e9couvrez nos diff\u00e9rentes agences de location de voiture en martinique, Aeroport, Fort de France et grand port de Fort-de-France","robots":{"index":"index","follow":"follow","max-snippet":"max-snippet:-1","max-image-preview":"max-image-preview:large","max-video-preview":"max-video-preview:-1"},"canonical":"https:\/\/allocar-martinique.fr\/fr\/agences\/","og_locale":"fr_FR","og_type":"article","og_title":"Nos agences Allocar en Martinique : Aeroport et Fort de France","og_description":"D\u00e9couvrez nos diff\u00e9rentes agences de location de voiture en martinique, Aeroport, Fort de France et grand port de Fort-de-France","og_url":"https:\/\/allocar-martinique.fr\/fr\/agences\/","og_site_name":"AlloCar Martinique","article_publisher":"https:\/\/www.facebook.com\/allocarmartinique","article_modified_time":"2024-11-05T08:51:15+00:00","twitter_card":"summary_large_image","twitter_misc":{"Dur\u00e9e de lecture estim\u00e9e":"4 minutes"},"schema":{"@context":"https:\/\/schema.org","@graph":[{"@type":"WebPage","@id":"https:\/\/allocar-martinique.fr\/fr\/agences\/","url":"https:\/\/allocar-martinique.fr\/fr\/agences\/","name":"Nos agences Allocar en Martinique : Aeroport et Fort de France","isPartOf":{"@id":"https:\/\/allocar-martinique.fr\/fr\/#website"},"datePublished":"2024-09-02T10:35:23+00:00","dateModified":"2024-11-05T08:51:15+00:00","description":"D\u00e9couvrez nos diff\u00e9rentes agences de location de voiture en martinique, Aeroport, Fort de France et grand port de Fort-de-France","breadcrumb":{"@id":"https:\/\/allocar-martinique.fr\/fr\/agences\/#breadcrumb"},"inLanguage":"fr-FR","potentialAction":[{"@type":"ReadAction","target":["https:\/\/allocar-martinique.fr\/fr\/agences\/"]}]},{"@type":"BreadcrumbList","@id":"https:\/\/allocar-martinique.fr\/fr\/agences\/#breadcrumb","itemListElement":[{"@type":"ListItem","position":1,"name":"Accueil","item":"https:\/\/allocar-martinique.fr\/fr\/"},{"@type":"ListItem","position":2,"name":"Nos agences en Martinique"}]},{"@type":"WebSite","@id":"https:\/\/allocar-martinique.fr\/fr\/#website","url":"https:\/\/allocar-martinique.fr\/fr\/","name":"AlloCar Martinique","description":"","publisher":{"@id":"https:\/\/allocar-martinique.fr\/fr\/#organization"},"potentialAction":[{"@type":"SearchAction","target":{"@type":"EntryPoint","urlTemplate":"https:\/\/allocar-martinique.fr\/fr\/?s={search_term_string}"},"query-input":{"@type":"PropertyValueSpecification","valueRequired":true,"valueName":"search_term_string"}}],"inLanguage":"fr-FR"},{"@type":"Organization","@id":"https:\/\/allocar-martinique.fr\/fr\/#organization","name":"AlloCar Martinique","url":"https:\/\/allocar-martinique.fr\/fr\/","logo":{"@type":"ImageObject","inLanguage":"fr-FR","@id":"https:\/\/allocar-martinique.fr\/fr\/#\/schema\/logo\/image\/","url":"https:\/\/allocar-martinique.fr\/wp-content\/uploads\/2024\/08\/LOGO-ALLOCAR-MARTINIQUE.svg","contentUrl":"https:\/\/allocar-martinique.fr\/wp-content\/uploads\/2024\/08\/LOGO-ALLOCAR-MARTINIQUE.svg","width":130,"height":66,"caption":"AlloCar Martinique"},"image":{"@id":"https:\/\/allocar-martinique.fr\/fr\/#\/schema\/logo\/image\/"},"sameAs":["https:\/\/www.facebook.com\/allocarmartinique","https:\/\/www.instagram.com\/allocarmartinique\/"]}]}},"_links":{"self":[{"href":"https:\/\/allocar-martinique.fr\/fr\/wp-json\/wp\/v2\/pages\/1444","targetHints":{"allow":["GET"]}}],"collection":[{"href":"https:\/\/allocar-martinique.fr\/fr\/wp-json\/wp\/v2\/pages"}],"about":[{"href":"https:\/\/allocar-martinique.fr\/fr\/wp-json\/wp\/v2\/types\/page"}],"author":[{"embeddable":true,"href":"https:\/\/allocar-martinique.fr\/fr\/wp-json\/wp\/v2\/users\/1"}],"replies":[{"embeddable":true,"href":"https:\/\/allocar-martinique.fr\/fr\/wp-json\/wp\/v2\/comments?post=1444"}],"version-history":[{"count":10,"href":"https:\/\/allocar-martinique.fr\/fr\/wp-json\/wp\/v2\/pages\/1444\/revisions"}],"predecessor-version":[{"id":2460,"href":"https:\/\/allocar-martinique.fr\/fr\/wp-json\/wp\/v2\/pages\/1444\/revisions\/2460"}],"wp:attachment":[{"href":"https:\/\/allocar-martinique.fr\/fr\/wp-json\/wp\/v2\/media?parent=1444"}],"curies":[{"name":"wp","href":"https:\/\/api.w.org\/{rel}","templated":true}]}}