{"id":1539,"date":"2024-09-04T05:57:54","date_gmt":"2024-09-04T09:57:54","guid":{"rendered":"https:\/\/allocar-martinique.fr\/?page_id=1539"},"modified":"2025-06-24T19:44:44","modified_gmt":"2025-06-24T23:44:44","slug":"location-voiture-aeroport","status":"publish","type":"page","link":"https:\/\/allocar-martinique.fr\/fr\/agences\/location-voiture-aeroport\/","title":{"rendered":"Aeroport"},"content":{"rendered":"[vc_row type=\"in_container\" full_screen_row_position=\"middle\" column_margin=\"default\" column_direction=\"default\" column_direction_tablet=\"default\" column_direction_phone=\"default\" scene_position=\"center\" text_color=\"dark\" text_align=\"left\" row_border_radius=\"none\" row_border_radius_applies=\"bg\" overflow=\"visible\" overlay_strength=\"0.3\" gradient_direction=\"left_to_right\" shape_divider_position=\"bottom\" bg_image_animation=\"none\"][vc_column column_padding=\"no-extra-padding\" column_padding_tablet=\"inherit\" column_padding_phone=\"inherit\" column_padding_position=\"all\" column_element_direction_desktop=\"default\" column_element_spacing=\"default\" desktop_text_alignment=\"default\" tablet_text_alignment=\"default\" phone_text_alignment=\"default\" background_color_opacity=\"1\" background_hover_color_opacity=\"1\" column_backdrop_filter=\"none\" column_shadow=\"none\" column_border_radius=\"none\" column_link_target=\"_self\" column_position=\"default\" gradient_direction=\"left_to_right\" overlay_strength=\"0.3\" width=\"1\/1\" tablet_width_inherit=\"default\" animation_type=\"default\" bg_image_animation=\"none\" border_type=\"simple\" column_border_width=\"none\" column_border_style=\"solid\"][vc_column_text css=\".vc_custom_1727344575553{padding-top: 20px !important;}\" text_direction=\"default\"]<span><span><a href=\"https:\/\/allocar-martinique.fr\/fr\/\">Accueil<\/a><\/span><\/span>[\/vc_column_text][nectar_responsive_text text_color=\"#000000\" font_size_desktop=\"30px\" font_size_tablet=\"27px\" font_size_phone=\"21px\" text_direction=\"default\"]\n<h1 style=\"font-weight: bold; line-height: 38px; font-style: italic; text-transform: uppercase;\">LoUER UNE voiture A L'A\u00e9roport AVEC ALLOCAR<\/h1>\n[\/nectar_responsive_text][\/vc_column][\/vc_row][vc_row type=\"in_container\" full_screen_row_position=\"middle\" column_margin=\"70px\" column_direction=\"default\" column_direction_tablet=\"default\" column_direction_phone=\"default\" scene_position=\"center\" top_padding=\"2%\" text_color=\"dark\" text_align=\"left\" row_border_radius=\"none\" row_border_radius_applies=\"bg\" overflow=\"visible\" overlay_strength=\"0.3\" gradient_direction=\"left_to_right\" shape_divider_position=\"bottom\" bg_image_animation=\"none\" gradient_type=\"default\" shape_type=\"\"][vc_column column_padding=\"padding-2-percent\" column_padding_tablet=\"inherit\" column_padding_phone=\"inherit\" column_padding_position=\"all\" column_element_direction_desktop=\"default\" column_element_spacing=\"default\" desktop_text_alignment=\"default\" tablet_text_alignment=\"default\" phone_text_alignment=\"default\" background_color_opacity=\"1\" background_hover_color_opacity=\"1\" column_backdrop_filter=\"none\" column_shadow=\"medium_depth\" column_border_radius=\"20px\" column_link_target=\"_self\" column_position=\"default\" gradient_direction=\"left_to_right\" overlay_strength=\"0.3\" width=\"1\/2\" tablet_width_inherit=\"default\" animation_type=\"default\" bg_image_animation=\"none\" border_type=\"simple\" column_border_width=\"2px\" column_border_color=\"#c12729\" column_border_style=\"solid\" column_padding_type=\"default\" gradient_type=\"default\"]<div class=\"iwithtext\"><div class=\"iwt-icon\"> <i class=\"icon-default-style fa fa-phone accent-color\"><\/i> <\/div><div class=\"iwt-text\"> +596 596 02 03 23 <\/div><div class=\"clear\"><\/div><\/div><div class=\"iwithtext\"><div class=\"iwt-icon\"> <i class=\"icon-default-style steadysets-icon-map-marker accent-color\"><\/i> <\/div><div class=\"iwt-text\"> A\u00e9roport : Hippodrome de Carr\u00e8re, Le Lamentin 97232, Martinique <\/div><div class=\"clear\"><\/div><\/div><div class=\"iwithtext\"><div class=\"iwt-icon\"> <i class=\"icon-default-style steadysets-icon-clock accent-color\"><\/i> <\/div><div class=\"iwt-text\"> Horaires d'ouverture <\/div><div class=\"clear\"><\/div><\/div>[nectar_horizontal_list_item columns=\"2\" column_layout_using_2_columns=\"even\" col_1_text_align=\"left\" col_2_text_align=\"left\" col_1_text_element=\"p\" col_2_text_element=\"p\" font_family=\"p\" hover_effect=\"default\" hover_color=\"white\" icon_family=\"none\" icon_size=\"regular\" col_1_content=\"Lundi\" col_2_content=\"08:00 - 20:00\"][nectar_horizontal_list_item columns=\"2\" column_layout_using_2_columns=\"even\" col_1_text_align=\"left\" col_2_text_align=\"left\" col_1_text_element=\"p\" col_2_text_element=\"p\" font_family=\"p\" hover_effect=\"default\" hover_color=\"white\" icon_family=\"none\" icon_size=\"regular\" col_1_content=\"Mardi\" col_2_content=\"08:00 - 20:00\"][nectar_horizontal_list_item columns=\"2\" column_layout_using_2_columns=\"even\" col_1_text_align=\"left\" col_2_text_align=\"left\" col_1_text_element=\"p\" col_2_text_element=\"p\" font_family=\"p\" hover_effect=\"default\" hover_color=\"white\" icon_family=\"none\" icon_size=\"regular\" col_1_content=\"Mercredi\" col_2_content=\"08:00 - 20:00\"][nectar_horizontal_list_item columns=\"2\" column_layout_using_2_columns=\"even\" col_1_text_align=\"left\" col_2_text_align=\"left\" col_1_text_element=\"p\" col_2_text_element=\"p\" font_family=\"p\" hover_effect=\"default\" hover_color=\"white\" icon_family=\"none\" icon_size=\"regular\" col_1_content=\"Jeudi\" col_2_content=\"08:00 - 20:00\"][nectar_horizontal_list_item columns=\"2\" column_layout_using_2_columns=\"even\" col_1_text_align=\"left\" col_2_text_align=\"left\" col_1_text_element=\"p\" col_2_text_element=\"p\" font_family=\"p\" hover_effect=\"default\" hover_color=\"white\" icon_family=\"none\" icon_size=\"regular\" col_1_content=\"Vendredi\" col_2_content=\"08:00 - 20:00\"][nectar_horizontal_list_item columns=\"2\" column_layout_using_2_columns=\"even\" col_1_text_align=\"left\" col_2_text_align=\"left\" col_1_text_element=\"p\" col_2_text_element=\"p\" font_family=\"p\" hover_effect=\"default\" hover_color=\"white\" icon_family=\"none\" icon_size=\"regular\" col_1_content=\"Samedi\" col_2_content=\"08:00 - 20:00\"][nectar_horizontal_list_item columns=\"2\" column_layout_using_2_columns=\"even\" col_1_text_align=\"left\" col_2_text_align=\"left\" col_1_text_element=\"p\" col_2_text_element=\"p\" font_family=\"p\" hover_effect=\"default\" hover_color=\"white\" icon_family=\"none\" icon_size=\"regular\" col_1_content=\"Dimanche\" col_2_content=\"08:00 - 20:00\"][\/vc_column][vc_column column_padding=\"no-extra-padding\" column_padding_tablet=\"inherit\" column_padding_phone=\"inherit\" column_padding_position=\"all\" column_element_direction_desktop=\"default\" column_element_spacing=\"default\" desktop_text_alignment=\"default\" tablet_text_alignment=\"default\" phone_text_alignment=\"default\" background_color_opacity=\"1\" background_hover_color_opacity=\"1\" column_backdrop_filter=\"none\" column_shadow=\"none\" column_border_radius=\"none\" column_link_target=\"_self\" column_position=\"default\" gradient_direction=\"left_to_right\" overlay_strength=\"0.3\" width=\"1\/2\" tablet_width_inherit=\"default\" animation_type=\"default\" bg_image_animation=\"none\" border_type=\"simple\" column_border_width=\"none\" column_border_style=\"solid\"][nectar_responsive_text font_size_desktop=\"30px\" font_size_tablet=\"27px\" font_size_phone=\"21px\" text_direction=\"default\"]\n<h2 style=\"font-weight: bold; line-height: 38px; font-style: italic; text-transform: uppercase;\">INFORMAtion LOCATION VOITURE AEROPORT MARTINIQUE<\/h2>\n[\/nectar_responsive_text][vc_column_text css=\"\" text_direction=\"default\"]\n<h3>Location de voiture \u00e0 l'a\u00e9roport de Martinique Aim\u00e9 C\u00e9saire<\/h3>\n<p>L'a\u00e9roport international Aim\u00e9 C\u00e9saire est la porte d'entr\u00e9e principale pour d\u00e9couvrir la Martinique, l'\u00eele aux fleurs. D\u00e8s votre arriv\u00e9e, profitez d'une exp\u00e9rience de voyage sans stress en optant pour la location de voiture avec Allocar. Que vous soyez en voyage d'affaires ou en vacances, avoir un v\u00e9hicule \u00e0 votre disposition est essentiel pour explorer les merveilles de l'\u00eele \u00e0 votre rythme.<br \/>\n[\/vc_column_text][\/vc_column][\/vc_row][vc_row type=\"in_container\" full_screen_row_position=\"middle\" column_margin=\"70px\" column_direction=\"default\" column_direction_tablet=\"default\" column_direction_phone=\"default\" scene_position=\"center\" top_padding=\"3%\" text_color=\"dark\" text_align=\"left\" row_border_radius=\"none\" row_border_radius_applies=\"bg\" overflow=\"visible\" overlay_strength=\"0.3\" gradient_direction=\"left_to_right\" shape_divider_position=\"bottom\" bg_image_animation=\"none\" gradient_type=\"default\" shape_type=\"\"][vc_column column_padding=\"padding-3-percent\" column_padding_tablet=\"inherit\" column_padding_phone=\"inherit\" column_padding_position=\"top\" column_element_direction_desktop=\"default\" column_element_spacing=\"default\" desktop_text_alignment=\"default\" tablet_text_alignment=\"default\" phone_text_alignment=\"default\" background_color_opacity=\"1\" background_hover_color_opacity=\"1\" column_backdrop_filter=\"none\" column_shadow=\"none\" column_border_radius=\"none\" column_link_target=\"_self\" column_position=\"default\" gradient_direction=\"left_to_right\" overlay_strength=\"0.3\" width=\"1\/2\" tablet_width_inherit=\"default\" animation_type=\"default\" bg_image_animation=\"none\" border_type=\"simple\" column_border_width=\"none\" column_border_style=\"solid\" column_padding_type=\"default\" gradient_type=\"default\"][vc_column_text css=\"\" text_direction=\"default\"]\n<h3>Les avantages de louer votre voiture avec Allocar<\/h3>\n<p>Chez Allocar, nous comprenons que le temps est pr\u00e9cieux, surtout apr\u00e8s un long vol. C'est pourquoi nous vous offrons un service de qualit\u00e9 pour vous permettre de r\u00e9cup\u00e9rer votre v\u00e9hicule sans attente prolong\u00e9e. Gr\u00e2ce \u00e0 notre service de navette gratuit, nous vous accueillons \u00e0 quelques kilom\u00e8tres de l\u2019a\u00e9roport pour une prise en charge rapide et efficace. Oubliez les files d'attente interminables et commencez vos vacances en toute s\u00e9r\u00e9nit\u00e9 avec Allocar.[\/vc_column_text][vc_column_text css=\"\" text_direction=\"default\"]\n<h3>Que faire \u00e0 l\u2019a\u00e9roport en attendant votre vol ?<\/h3>\n<p>L\u2019a\u00e9roport Aim\u00e9 C\u00e9saire continue de se moderniser et d\u2019offrir de plus en plus de services pour am\u00e9liorer l\u2019exp\u00e9rience des voyageurs. Si vous avez un peu de temps avant votre vol, voici quelques services disponibles :<\/p>\n<ul>\n<li><strong>Bo\u00eete aux lettres<\/strong> pour envoyer vos derni\u00e8res cartes postales.<\/li>\n<li><strong>Pharmacie <\/strong>pour vos derniers achats sant\u00e9.<\/li>\n<li><strong>Glacier <\/strong>pour une pause gourmande.<\/li>\n<li><strong>Fleuriste <\/strong>pour ramener un bout de la Martinique chez vous.<\/li>\n<li><strong>Boutiques de souvenirs<\/strong> pour vos derniers cadeaux.<\/li>\n<li><strong>Dutyfree <\/strong>pour vos achats hors taxes.<\/li>\n<li><strong>Comit\u00e9 du tourisme <\/strong>pour tout renseignement sur l\u2019\u00eele.<\/li>\n<\/ul>\n[\/vc_column_text][\/vc_column][vc_column column_padding=\"no-extra-padding\" column_padding_tablet=\"inherit\" column_padding_phone=\"inherit\" column_padding_position=\"all\" column_element_direction_desktop=\"default\" column_element_spacing=\"default\" desktop_text_alignment=\"default\" tablet_text_alignment=\"default\" phone_text_alignment=\"default\" background_color_opacity=\"1\" background_hover_color_opacity=\"1\" column_backdrop_filter=\"none\" column_shadow=\"none\" column_border_radius=\"none\" column_link_target=\"_self\" column_position=\"default\" gradient_direction=\"left_to_right\" overlay_strength=\"0.3\" width=\"1\/2\" tablet_width_inherit=\"default\" animation_type=\"default\" bg_image_animation=\"none\" border_type=\"simple\" column_border_width=\"none\" column_border_style=\"solid\"][divider line_type=\"No Line\" custom_height=\"40\"][image_with_animation image_url=\"2144\" image_size=\"full\" animation_type=\"entrance\" animation=\"None\" animation_movement_type=\"transform_y\" hover_animation=\"none\" alignment=\"\" border_radius=\"20px\" box_shadow=\"small_depth\" image_loading=\"default\" max_width=\"100%\" max_width_mobile=\"default\"][\/vc_column][\/vc_row][vc_row type=\"in_container\" full_screen_row_position=\"middle\" column_margin=\"70px\" column_direction=\"default\" column_direction_tablet=\"default\" column_direction_phone=\"default\" scene_position=\"center\" top_padding=\"4%\" text_color=\"dark\" text_align=\"left\" row_border_radius=\"none\" row_border_radius_applies=\"bg\" overflow=\"visible\" overlay_strength=\"0.3\" gradient_direction=\"left_to_right\" shape_divider_position=\"bottom\" bg_image_animation=\"none\" gradient_type=\"default\" shape_type=\"\"][vc_column column_padding=\"no-extra-padding\" column_padding_tablet=\"inherit\" column_padding_phone=\"inherit\" column_padding_position=\"all\" column_element_direction_desktop=\"default\" column_element_spacing=\"default\" desktop_text_alignment=\"default\" tablet_text_alignment=\"default\" phone_text_alignment=\"default\" background_color_opacity=\"1\" background_hover_color_opacity=\"1\" column_backdrop_filter=\"none\" column_shadow=\"none\" column_border_radius=\"none\" column_link_target=\"_self\" column_position=\"default\" gradient_direction=\"left_to_right\" overlay_strength=\"0.3\" width=\"1\/2\" tablet_width_inherit=\"default\" animation_type=\"default\" bg_image_animation=\"none\" border_type=\"simple\" column_border_width=\"none\" column_border_style=\"solid\"][image_with_animation image_url=\"2244\" image_size=\"full\" animation_type=\"entrance\" animation=\"None\" animation_movement_type=\"transform_y\" hover_animation=\"none\" alignment=\"\" border_radius=\"20px\" box_shadow=\"small_depth\" image_loading=\"default\" max_width=\"100%\" max_width_mobile=\"default\"][\/vc_column][vc_column column_padding=\"no-extra-padding\" column_padding_tablet=\"inherit\" column_padding_phone=\"inherit\" column_padding_position=\"all\" column_element_direction_desktop=\"default\" column_element_spacing=\"default\" desktop_text_alignment=\"default\" tablet_text_alignment=\"default\" phone_text_alignment=\"default\" background_color_opacity=\"1\" background_hover_color_opacity=\"1\" column_backdrop_filter=\"none\" column_shadow=\"none\" column_border_radius=\"none\" column_link_target=\"_self\" column_position=\"default\" gradient_direction=\"left_to_right\" overlay_strength=\"0.3\" width=\"1\/2\" tablet_width_inherit=\"default\" animation_type=\"default\" bg_image_animation=\"none\" border_type=\"simple\" column_border_width=\"none\" column_border_style=\"solid\"][vc_column_text css=\"\" text_direction=\"default\"]\n<h3>Ville et centre commercial \u00e0 proximit\u00e9 de l\u2019a\u00e9roport<\/h3>\n<p>Gr\u00e2ce au TCSP, le Tramway des Communes du Sud et du Nord Atlantique, vous pouvez facilement acc\u00e9der \u00e0 Fort-de-France ou \u00e0 La Galleria, le plus grand centre commercial de l'\u00eele. Ce tramway local vous permet de vous d\u00e9placer rapidement sans les tracas de la circulation. Pour une tranquillit\u00e9 maximale, enregistrez-vous \u00e0 l\u2019a\u00e9roport \u00e0 partir de 14h et profitez de votre dernier jour pour explorer les environs avant de restituer votre v\u00e9hicule.<\/p>\n<h3>Fort-de-France, capitale de la Martinique<\/h3>\n<p>Fort-de-France, la capitale vibrante de la Martinique, regorge de tr\u00e9sors culturels et historiques. Si vous n'avez pas encore eu l'occasion de la visiter, voici quelques incontournables \u00e0 d\u00e9couvrir :<\/p>\n<ul>\n<li><strong>La Cath\u00e9drale Saint-Louis :<\/strong> Un joyau de l'architecture n\u00e9o-gothique.<\/li>\n<li><strong>Le march\u00e9 de Fort-de-France : <\/strong>Un lieu haut en couleurs o\u00f9 vous trouverez des \u00e9pices, fruits locaux et souvenirs artisanaux.<\/li>\n<li><strong>Le Fort Saint-Louis :<\/strong> Une forteresse historique qui surplombe la baie et offre une vue imprenable sur la mer des Cara\u00efbes.<\/li>\n<li><strong>La Savane : <\/strong>Un vaste espace vert id\u00e9al pour une promenade ou un pique-nique \u00e0 l'ombre des palmiers.<\/li>\n<li><strong>Le Mal\u00e9con : <\/strong>Promenez-vous le long du front de mer et admirez la fresque impressionnante qui raconte l'histoire et la culture martiniquaise. Continuez votre balade jusqu\u2019\u00e0 la plage de la Fran\u00e7aise et le Fort Saint-Louis.<\/li>\n<li><strong>La rue pi\u00e9tonne Garnier Pag\u00e8s :<\/strong> Une rue pi\u00e9tonne charmante et color\u00e9e, bord\u00e9e de commerces locaux, o\u00f9 vous pourrez fl\u00e2ner et profiter de l'ambiance chaleureuse de Fort-de-France. Les fa\u00e7ades color\u00e9es et l'atmosph\u00e8re conviviale en font un lieu id\u00e9al pour une promenade agr\u00e9able et quelques achats de derni\u00e8re minute.<\/li>\n<\/ul>\n[\/vc_column_text][vc_column_text css=\"\" text_direction=\"default\"]\n<h3>La Galleria<\/h3>\n<p>Situ\u00e9 \u00e0 seulement quelques minutes de l'a\u00e9roport, La Galleria est le centre commercial incontournable de la Martinique. Avec ses nombreuses boutiques, c\u2019est l\u2019endroit id\u00e9al pour faire vos derniers achats avant de prendre votre vol. Vous y trouverez de tout : v\u00eatements, souvenirs, et bien s\u00fbr, le fameux rhum martiniquais \u00e0 ramener chez vous. C\u2019est \u00e9galement un excellent lieu pour se restaurer avec un large choix de restaurants offrant une vari\u00e9t\u00e9 de cuisines. Enfin, pour les amateurs de technologie et de culture, la Fnac de la Galleria est l'endroit parfait pour acheter du mat\u00e9riel ou des livres pour le voyage.<br \/>\nQue vous soyez en qu\u00eate de souvenirs ou simplement d\u2019un dernier moment de d\u00e9tente avant de quitter l\u2019\u00eele, La Galleria vous offre tout ce dont vous avez besoin, dans une ambiance moderne et agr\u00e9able.[\/vc_column_text][\/vc_column][\/vc_row]\n","protected":false},"excerpt":{"rendered":"<p>[vc_row type=\"in_container\" full_screen_row_position=\"middle\" column_margin=\"default\" column_direction=\"default\" column_direction_tablet=\"default\" column_direction_phone=\"default\" scene_position=\"center\" text_color=\"dark\" text_align=\"left\" row_border_radius=\"none\" row_border_radius_applies=\"bg\" overflow=\"visible\" overlay_strength=\"0.3\" gradient_direction=\"left_to_right\" shape_divider_position=\"bottom\" bg_image_animation=\"none\"][vc_column column_padding=\"no-extra-padding\" column_padding_tablet=\"inherit\" column_padding_phone=\"inherit\" column_padding_position=\"all\" column_element_direction_desktop=\"default\" column_element_spacing=\"default\" desktop_text_alignment=\"default\" tablet_text_alignment=\"default\" phone_text_alignment=\"default\" background_color_opacity=\"1\" background_hover_color_opacity=\"1\" column_backdrop_filter=\"none\" column_shadow=\"none\"...<\/p>\n","protected":false},"author":1,"featured_media":0,"parent":1444,"menu_order":0,"comment_status":"closed","ping_status":"closed","template":"","meta":{"inline_featured_image":false,"footnotes":""},"class_list":["post-1539","page","type-page","status-publish"],"yoast_head":"<!-- This site is optimized with the Yoast SEO plugin v27.3 - https:\/\/yoast.com\/product\/yoast-seo-wordpress\/ -->\n<title>Location voiture a\u00e9roport Martinique<\/title>\n<meta name=\"description\" content=\"D\u00e9couvrez notre service de location de voiture \u00e0 l&#039;a\u00e9roport Aim\u00e9 C\u00e9saire en Martinique. Profitez de tarifs comp\u00e9titifs\" \/>\n<meta name=\"robots\" content=\"index, follow, max-snippet:-1, max-image-preview:large, max-video-preview:-1\" \/>\n<link rel=\"canonical\" href=\"https:\/\/allocar-martinique.fr\/fr\/agences\/location-voiture-aeroport\/\" \/>\n<meta property=\"og:locale\" content=\"fr_FR\" \/>\n<meta property=\"og:type\" content=\"article\" \/>\n<meta property=\"og:title\" content=\"Location voiture a\u00e9roport Martinique\" \/>\n<meta property=\"og:description\" content=\"D\u00e9couvrez notre service de location de voiture \u00e0 l&#039;a\u00e9roport Aim\u00e9 C\u00e9saire en Martinique. Profitez de tarifs comp\u00e9titifs\" \/>\n<meta property=\"og:url\" content=\"https:\/\/allocar-martinique.fr\/fr\/agences\/location-voiture-aeroport\/\" \/>\n<meta property=\"og:site_name\" content=\"AlloCar Martinique\" \/>\n<meta property=\"article:publisher\" content=\"https:\/\/www.facebook.com\/allocarmartinique\" \/>\n<meta property=\"article:modified_time\" content=\"2025-06-24T23:44:44+00:00\" \/>\n<meta name=\"twitter:card\" content=\"summary_large_image\" \/>\n<meta name=\"twitter:label1\" content=\"Dur\u00e9e de lecture estim\u00e9e\" \/>\n\t<meta name=\"twitter:data1\" content=\"6 minutes\" \/>\n<!-- \/ Yoast SEO plugin. -->","yoast_head_json":{"title":"Location voiture a\u00e9roport Martinique","description":"D\u00e9couvrez notre service de location de voiture \u00e0 l'a\u00e9roport Aim\u00e9 C\u00e9saire en Martinique. Profitez de tarifs comp\u00e9titifs","robots":{"index":"index","follow":"follow","max-snippet":"max-snippet:-1","max-image-preview":"max-image-preview:large","max-video-preview":"max-video-preview:-1"},"canonical":"https:\/\/allocar-martinique.fr\/fr\/agences\/location-voiture-aeroport\/","og_locale":"fr_FR","og_type":"article","og_title":"Location voiture a\u00e9roport Martinique","og_description":"D\u00e9couvrez notre service de location de voiture \u00e0 l'a\u00e9roport Aim\u00e9 C\u00e9saire en Martinique. Profitez de tarifs comp\u00e9titifs","og_url":"https:\/\/allocar-martinique.fr\/fr\/agences\/location-voiture-aeroport\/","og_site_name":"AlloCar Martinique","article_publisher":"https:\/\/www.facebook.com\/allocarmartinique","article_modified_time":"2025-06-24T23:44:44+00:00","twitter_card":"summary_large_image","twitter_misc":{"Dur\u00e9e de lecture estim\u00e9e":"6 minutes"},"schema":{"@context":"https:\/\/schema.org","@graph":[{"@type":"WebPage","@id":"https:\/\/allocar-martinique.fr\/fr\/agences\/location-voiture-aeroport\/","url":"https:\/\/allocar-martinique.fr\/fr\/agences\/location-voiture-aeroport\/","name":"Location voiture a\u00e9roport Martinique","isPartOf":{"@id":"https:\/\/allocar-martinique.fr\/fr\/#website"},"datePublished":"2024-09-04T09:57:54+00:00","dateModified":"2025-06-24T23:44:44+00:00","description":"D\u00e9couvrez notre service de location de voiture \u00e0 l'a\u00e9roport Aim\u00e9 C\u00e9saire en Martinique. Profitez de tarifs comp\u00e9titifs","breadcrumb":{"@id":"https:\/\/allocar-martinique.fr\/fr\/agences\/location-voiture-aeroport\/#breadcrumb"},"inLanguage":"fr-FR","potentialAction":[{"@type":"ReadAction","target":["https:\/\/allocar-martinique.fr\/fr\/agences\/location-voiture-aeroport\/"]}]},{"@type":"BreadcrumbList","@id":"https:\/\/allocar-martinique.fr\/fr\/agences\/location-voiture-aeroport\/#breadcrumb","itemListElement":[{"@type":"ListItem","position":1,"name":"Accueil","item":"https:\/\/allocar-martinique.fr\/fr\/"},{"@type":"ListItem","position":2,"name":"Nos agences en Martinique","item":"https:\/\/allocar-martinique.fr\/fr\/agences\/"},{"@type":"ListItem","position":3,"name":"Aeroport"}]},{"@type":"WebSite","@id":"https:\/\/allocar-martinique.fr\/fr\/#website","url":"https:\/\/allocar-martinique.fr\/fr\/","name":"AlloCar Martinique","description":"","publisher":{"@id":"https:\/\/allocar-martinique.fr\/fr\/#organization"},"potentialAction":[{"@type":"SearchAction","target":{"@type":"EntryPoint","urlTemplate":"https:\/\/allocar-martinique.fr\/fr\/?s={search_term_string}"},"query-input":{"@type":"PropertyValueSpecification","valueRequired":true,"valueName":"search_term_string"}}],"inLanguage":"fr-FR"},{"@type":"Organization","@id":"https:\/\/allocar-martinique.fr\/fr\/#organization","name":"AlloCar Martinique","url":"https:\/\/allocar-martinique.fr\/fr\/","logo":{"@type":"ImageObject","inLanguage":"fr-FR","@id":"https:\/\/allocar-martinique.fr\/fr\/#\/schema\/logo\/image\/","url":"https:\/\/allocar-martinique.fr\/wp-content\/uploads\/2024\/08\/LOGO-ALLOCAR-MARTINIQUE.svg","contentUrl":"https:\/\/allocar-martinique.fr\/wp-content\/uploads\/2024\/08\/LOGO-ALLOCAR-MARTINIQUE.svg","width":130,"height":66,"caption":"AlloCar Martinique"},"image":{"@id":"https:\/\/allocar-martinique.fr\/fr\/#\/schema\/logo\/image\/"},"sameAs":["https:\/\/www.facebook.com\/allocarmartinique","https:\/\/www.instagram.com\/allocarmartinique\/"]}]}},"_links":{"self":[{"href":"https:\/\/allocar-martinique.fr\/fr\/wp-json\/wp\/v2\/pages\/1539","targetHints":{"allow":["GET"]}}],"collection":[{"href":"https:\/\/allocar-martinique.fr\/fr\/wp-json\/wp\/v2\/pages"}],"about":[{"href":"https:\/\/allocar-martinique.fr\/fr\/wp-json\/wp\/v2\/types\/page"}],"author":[{"embeddable":true,"href":"https:\/\/allocar-martinique.fr\/fr\/wp-json\/wp\/v2\/users\/1"}],"replies":[{"embeddable":true,"href":"https:\/\/allocar-martinique.fr\/fr\/wp-json\/wp\/v2\/comments?post=1539"}],"version-history":[{"count":51,"href":"https:\/\/allocar-martinique.fr\/fr\/wp-json\/wp\/v2\/pages\/1539\/revisions"}],"predecessor-version":[{"id":3041,"href":"https:\/\/allocar-martinique.fr\/fr\/wp-json\/wp\/v2\/pages\/1539\/revisions\/3041"}],"up":[{"embeddable":true,"href":"https:\/\/allocar-martinique.fr\/fr\/wp-json\/wp\/v2\/pages\/1444"}],"wp:attachment":[{"href":"https:\/\/allocar-martinique.fr\/fr\/wp-json\/wp\/v2\/media?parent=1539"}],"curies":[{"name":"wp","href":"https:\/\/api.w.org\/{rel}","templated":true}]}}