{"id":627,"date":"2024-08-06T07:01:44","date_gmt":"2024-08-06T11:01:44","guid":{"rendered":"https:\/\/allocar-martinique.fr\/les-vehicules\/"},"modified":"2025-11-05T09:41:53","modified_gmt":"2025-11-05T13:41:53","slug":"nos-vehicules","status":"publish","type":"page","link":"https:\/\/allocar-martinique.fr\/fr\/nos-vehicules\/","title":{"rendered":"Les v\u00e9hicules"},"content":{"rendered":"[vc_row type=\"full_width_background\" full_screen_row_position=\"middle\" column_margin=\"default\" column_direction=\"default\" column_direction_tablet=\"default\" column_direction_phone=\"default\" bg_image=\"168\" bg_position=\"left top\" background_image_loading=\"default\" bg_repeat=\"no-repeat\" scene_position=\"center\" text_color=\"dark\" text_align=\"left\" row_border_radius=\"none\" row_border_radius_applies=\"bg\" overflow=\"visible\" overlay_strength=\"0.3\" gradient_direction=\"left_to_right\" shape_divider_position=\"bottom\" bg_image_animation=\"none\" gradient_type=\"default\" shape_type=\"\"][vc_column column_padding=\"no-extra-padding\" column_padding_tablet=\"inherit\" column_padding_phone=\"inherit\" column_padding_position=\"all\" column_element_direction_desktop=\"default\" column_element_spacing=\"default\" desktop_text_alignment=\"default\" tablet_text_alignment=\"default\" phone_text_alignment=\"default\" background_color_opacity=\"1\" background_hover_color_opacity=\"1\" column_backdrop_filter=\"none\" column_shadow=\"none\" column_border_radius=\"none\" column_link_target=\"_self\" column_position=\"default\" el_class=\"logos\" gradient_direction=\"left_to_right\" overlay_strength=\"0.3\" width=\"1\/1\" tablet_width_inherit=\"default\" animation_type=\"default\" bg_image_animation=\"none\" border_type=\"simple\" column_border_width=\"none\" column_border_style=\"solid\" column_padding_type=\"default\" gradient_type=\"default\"][image_with_animation image_url=\"3373\" image_size=\"full\" animation_type=\"entrance\" animation=\"None\" animation_movement_type=\"transform_y\" hover_animation=\"none\" alignment=\"\" border_radius=\"none\" box_shadow=\"none\" image_loading=\"default\" max_width=\"100%\" max_width_mobile=\"default\"][divider line_type=\"No Line\" custom_height=\"180px\"][\/vc_column][\/vc_row][vc_row type=\"in_container\" full_screen_row_position=\"middle\" column_margin=\"default\" column_direction=\"default\" column_direction_tablet=\"default\" column_direction_phone=\"default\" scene_position=\"center\" text_color=\"dark\" text_align=\"left\" row_border_radius=\"none\" row_border_radius_applies=\"bg\" overflow=\"visible\" overlay_strength=\"0.3\" gradient_direction=\"left_to_right\" shape_divider_position=\"bottom\" bg_image_animation=\"none\"][vc_column column_padding=\"no-extra-padding\" column_padding_tablet=\"inherit\" column_padding_phone=\"inherit\" column_padding_position=\"all\" column_element_direction_desktop=\"default\" column_element_spacing=\"default\" desktop_text_alignment=\"default\" tablet_text_alignment=\"default\" phone_text_alignment=\"default\" background_color_opacity=\"1\" background_hover_color_opacity=\"1\" column_backdrop_filter=\"none\" column_shadow=\"none\" column_border_radius=\"none\" column_link_target=\"_self\" column_position=\"default\" gradient_direction=\"left_to_right\" overlay_strength=\"0.3\" width=\"1\/1\" tablet_width_inherit=\"default\" animation_type=\"default\" bg_image_animation=\"none\" border_type=\"simple\" column_border_width=\"none\" column_border_style=\"solid\"][vc_column_text css=\".vc_custom_1727342216937{padding-top: 20px !important;}\" text_direction=\"default\"]<span><span><a href=\"https:\/\/allocar-martinique.fr\/fr\/\">Accueil<\/a><\/span><\/span>[\/vc_column_text][divider line_type=\"No Line\" custom_height=\"40px\"][nectar_responsive_text font_size_desktop=\"32px\" font_size_phone=\"22px\" text_direction=\"default\"]\n<h1 style=\"font-weight: bold; text-transform: uppercase; font-style: italic;\">Toutes nos voitures de location en Martinique<\/h1>\n[\/nectar_responsive_text][divider line_type=\"No Line\" custom_height=\"40px\"][divider line_type=\"Small Line\" line_alignment=\"center\" line_thickness=\"3\" divider_color=\"accent-color\"][nectar_global_section id=\"756\"][\/vc_column][\/vc_row][vc_row type=\"in_container\" full_screen_row_position=\"middle\" column_margin=\"default\" column_direction=\"default\" column_direction_tablet=\"default\" column_direction_phone=\"default\" scene_position=\"center\" text_color=\"dark\" text_align=\"left\" row_border_radius=\"none\" row_border_radius_applies=\"bg\" zindex=\"9999\" overflow=\"visible\" class=\"form-div\" id=\"form-div-fr\" overlay_strength=\"0.3\" gradient_direction=\"left_to_right\" shape_divider_position=\"bottom\" bg_image_animation=\"none\" gradient_type=\"default\" shape_type=\"\"][vc_column column_padding=\"padding-6-percent\" column_padding_tablet=\"inherit\" column_padding_phone=\"inherit\" column_padding_position=\"bottom\" column_element_direction_desktop=\"default\" column_element_spacing=\"default\" desktop_text_alignment=\"default\" tablet_text_alignment=\"default\" phone_text_alignment=\"default\" background_color_opacity=\"1\" background_hover_color_opacity=\"1\" column_backdrop_filter=\"none\" column_shadow=\"none\" column_border_radius=\"none\" column_link_target=\"_self\" column_position=\"default\" gradient_direction=\"left_to_right\" overlay_strength=\"0.3\" width=\"1\/1\" tablet_width_inherit=\"default\" animation_type=\"default\" bg_image_animation=\"none\" border_type=\"simple\" column_border_width=\"none\" column_border_style=\"solid\" column_padding_type=\"default\" gradient_type=\"default\"][vc_widget_sidebar sidebar_id=\"woocommerce-sidebar\"][\/vc_column][\/vc_row][vc_row type=\"in_container\" full_screen_row_position=\"middle\" column_margin=\"default\" column_direction=\"default\" column_direction_tablet=\"default\" column_direction_phone=\"default\" scene_position=\"center\" text_color=\"dark\" text_align=\"left\" row_border_radius=\"none\" row_border_radius_applies=\"bg\" overflow=\"visible\" overlay_strength=\"0.3\" gradient_direction=\"left_to_right\" shape_divider_position=\"bottom\" bg_image_animation=\"none\"][vc_column column_padding=\"no-extra-padding\" column_padding_tablet=\"inherit\" column_padding_phone=\"inherit\" column_padding_position=\"all\" column_element_direction_desktop=\"default\" column_element_spacing=\"default\" centered_text=\"true\" desktop_text_alignment=\"default\" tablet_text_alignment=\"default\" phone_text_alignment=\"default\" background_color_opacity=\"1\" background_hover_color_opacity=\"1\" column_backdrop_filter=\"none\" column_shadow=\"none\" column_border_radius=\"none\" column_link_target=\"_self\" column_position=\"default\" gradient_direction=\"left_to_right\" overlay_strength=\"0.3\" width=\"1\/1\" tablet_width_inherit=\"default\" animation_type=\"default\" bg_image_animation=\"none\" border_type=\"simple\" column_border_width=\"none\" column_border_style=\"solid\" column_padding_type=\"default\" gradient_type=\"default\"][nectar_responsive_text font_size_desktop=\"32px\" font_size_phone=\"22px\" text_direction=\"default\"]\n<h2 style=\"font-weight: bold; text-transform: uppercase; font-style: italic;\">Tous les v\u00e9hicules<\/h2>\n[\/nectar_responsive_text][\/vc_column][\/vc_row][vc_row type=\"in_container\" full_screen_row_position=\"middle\" column_margin=\"default\" column_direction=\"default\" column_direction_tablet=\"default\" column_direction_phone=\"default\" scene_position=\"center\" text_color=\"dark\" text_align=\"left\" row_border_radius=\"none\" row_border_radius_applies=\"bg\" overflow=\"visible\" id=\"carslist\" overlay_strength=\"0.3\" gradient_direction=\"left_to_right\" shape_divider_position=\"bottom\" bg_image_animation=\"none\" gradient_type=\"default\" shape_type=\"\"][vc_column column_padding=\"no-extra-padding\" column_padding_tablet=\"inherit\" column_padding_phone=\"inherit\" column_padding_position=\"all\" column_element_direction_desktop=\"default\" column_element_spacing=\"default\" desktop_text_alignment=\"default\" tablet_text_alignment=\"default\" phone_text_alignment=\"default\" background_color_opacity=\"1\" background_hover_color_opacity=\"1\" column_backdrop_filter=\"none\" column_shadow=\"none\" column_border_radius=\"none\" column_link_target=\"_self\" column_position=\"default\" gradient_direction=\"left_to_right\" overlay_strength=\"0.3\" width=\"1\/1\" tablet_width_inherit=\"default\" animation_type=\"default\" bg_image_animation=\"none\" border_type=\"simple\" column_border_width=\"none\" column_border_style=\"solid\"][vc_raw_html css=\"\"]JTVCdmlrcmVudGNhciUyMGxheW91dHN0eWxlJTNEJTIyZ3JpZCUyMiUyMGNhdGVnb3J5X2lkJTNEJTIyMCUyMiUyMG9yZGVyYnklM0QlMjJwcmljZSUyMiUyMG9yZGVydHlwZSUzRCUyMmFzYyUyMiUyMGxpbSUzRCUyMjklMjIlMjB2aWV3JTNEJTIyY2Fyc2xpc3QlMjIlMjBsYW5nJTNEJTIyJTJBJTIyJTVE[\/vc_raw_html][\/vc_column][\/vc_row][vc_row type=\"full_width_background\" full_screen_row_position=\"middle\" column_margin=\"default\" column_direction=\"default\" column_direction_tablet=\"default\" column_direction_phone=\"default\" bg_color=\"#f2f2f2\" scene_position=\"center\" text_color=\"dark\" text_align=\"left\" row_border_radius=\"none\" row_border_radius_applies=\"bg\" overflow=\"visible\" overlay_strength=\"0.3\" gradient_direction=\"left_to_right\" shape_divider_position=\"bottom\" bg_image_animation=\"none\" gradient_type=\"default\" shape_type=\"\"][vc_column column_padding=\"no-extra-padding\" column_padding_tablet=\"inherit\" column_padding_phone=\"inherit\" column_padding_position=\"all\" column_element_direction_desktop=\"default\" column_element_spacing=\"default\" desktop_text_alignment=\"default\" tablet_text_alignment=\"default\" phone_text_alignment=\"default\" background_color_opacity=\"1\" background_hover_color_opacity=\"1\" column_backdrop_filter=\"none\" column_shadow=\"none\" column_border_radius=\"none\" column_link_target=\"_self\" column_position=\"default\" gradient_direction=\"left_to_right\" overlay_strength=\"0.3\" width=\"1\/1\" tablet_width_inherit=\"default\" animation_type=\"default\" bg_image_animation=\"none\" border_type=\"simple\" column_border_width=\"none\" column_border_style=\"solid\"][nectar_global_section id=\"125\"][\/vc_column][\/vc_row][vc_row type=\"in_container\" full_screen_row_position=\"middle\" column_margin=\"default\" column_direction=\"default\" column_direction_tablet=\"default\" column_direction_phone=\"default\" scene_position=\"center\" text_color=\"dark\" text_align=\"left\" row_border_radius=\"none\" row_border_radius_applies=\"bg\" overflow=\"visible\" overlay_strength=\"0.3\" gradient_direction=\"left_to_right\" shape_divider_position=\"bottom\" bg_image_animation=\"none\"][vc_column column_padding=\"no-extra-padding\" column_padding_tablet=\"inherit\" column_padding_phone=\"inherit\" column_padding_position=\"all\" column_element_direction_desktop=\"default\" column_element_spacing=\"default\" desktop_text_alignment=\"default\" tablet_text_alignment=\"default\" phone_text_alignment=\"default\" background_color_opacity=\"1\" background_hover_color_opacity=\"1\" column_backdrop_filter=\"none\" column_shadow=\"none\" column_border_radius=\"none\" column_link_target=\"_self\" column_position=\"default\" gradient_direction=\"left_to_right\" overlay_strength=\"0.3\" width=\"1\/1\" tablet_width_inherit=\"default\" animation_type=\"default\" bg_image_animation=\"none\" border_type=\"simple\" column_border_width=\"none\" column_border_style=\"solid\"][nectar_global_section id=\"31\"][\/vc_column][\/vc_row][vc_row type=\"in_container\" full_screen_row_position=\"middle\" column_margin=\"default\" column_direction=\"default\" column_direction_tablet=\"default\" column_direction_phone=\"default\" scene_position=\"center\" text_color=\"dark\" text_align=\"left\" row_border_radius=\"none\" row_border_radius_applies=\"bg\" overflow=\"visible\" overlay_strength=\"0.3\" gradient_direction=\"left_to_right\" shape_divider_position=\"bottom\" bg_image_animation=\"none\"][vc_column column_padding=\"no-extra-padding\" column_padding_tablet=\"inherit\" column_padding_phone=\"inherit\" column_padding_position=\"all\" column_element_direction_desktop=\"default\" column_element_spacing=\"default\" desktop_text_alignment=\"default\" tablet_text_alignment=\"default\" phone_text_alignment=\"default\" background_color_opacity=\"1\" background_hover_color_opacity=\"1\" column_backdrop_filter=\"none\" column_shadow=\"none\" column_border_radius=\"none\" column_link_target=\"_self\" column_position=\"default\" gradient_direction=\"left_to_right\" overlay_strength=\"0.3\" width=\"1\/1\" tablet_width_inherit=\"default\" animation_type=\"default\" bg_image_animation=\"none\" border_type=\"simple\" column_border_width=\"none\" column_border_style=\"solid\"][nectar_global_section id=\"597\"][\/vc_column][\/vc_row][vc_row type=\"in_container\" full_screen_row_position=\"middle\" column_margin=\"default\" column_direction=\"default\" column_direction_tablet=\"default\" column_direction_phone=\"default\" scene_position=\"center\" text_color=\"dark\" text_align=\"left\" row_border_radius=\"none\" row_border_radius_applies=\"bg\" overflow=\"visible\" overlay_strength=\"0.3\" gradient_direction=\"left_to_right\" shape_divider_position=\"bottom\" bg_image_animation=\"none\"][vc_column column_padding=\"no-extra-padding\" column_padding_tablet=\"inherit\" column_padding_phone=\"inherit\" column_padding_position=\"all\" column_element_direction_desktop=\"default\" column_element_spacing=\"default\" desktop_text_alignment=\"default\" tablet_text_alignment=\"default\" phone_text_alignment=\"default\" background_color_opacity=\"1\" background_hover_color_opacity=\"1\" column_backdrop_filter=\"none\" column_shadow=\"none\" column_border_radius=\"none\" column_link_target=\"_self\" column_position=\"default\" gradient_direction=\"left_to_right\" overlay_strength=\"0.3\" width=\"1\/1\" tablet_width_inherit=\"default\" animation_type=\"default\" bg_image_animation=\"none\" border_type=\"simple\" column_border_width=\"none\" column_border_style=\"solid\"][vc_raw_html css=\"\"]JTNDZGl2JTIwY2xhc3MlM0QlMjJvdmVybGF5JTIyJTNFJTNDJTJGZGl2JTNF[\/vc_raw_html][\/vc_column][\/vc_row]\n","protected":false},"excerpt":{"rendered":"<p>[vc_row type=\"full_width_background\" full_screen_row_position=\"middle\" column_margin=\"default\" column_direction=\"default\" column_direction_tablet=\"default\" column_direction_phone=\"default\" bg_image=\"168\" bg_position=\"left top\" background_image_loading=\"default\" bg_repeat=\"no-repeat\" scene_position=\"center\" text_color=\"dark\" text_align=\"left\" row_border_radius=\"none\" row_border_radius_applies=\"bg\" overflow=\"visible\" overlay_strength=\"0.3\" gradient_direction=\"left_to_right\" shape_divider_position=\"bottom\" bg_image_animation=\"none\" gradient_type=\"default\" shape_type=\"\"][vc_column column_padding=\"no-extra-padding\" column_padding_tablet=\"inherit\" column_padding_phone=\"inherit\" column_padding_position=\"all\" column_element_direction_desktop=\"default\" column_element_spacing=\"default\"...<\/p>\n","protected":false},"author":1,"featured_media":0,"parent":0,"menu_order":0,"comment_status":"closed","ping_status":"closed","template":"","meta":{"inline_featured_image":false,"footnotes":""},"class_list":["post-627","page","type-page","status-publish"],"yoast_head":"<!-- This site is optimized with the Yoast SEO plugin v27.3 - https:\/\/yoast.com\/product\/yoast-seo-wordpress\/ -->\n<title>V\u00e9hicules disponibles \u00e0 la location en Martinique<\/title>\n<meta name=\"description\" content=\"D\u00e9couvrez nos v\u00e9hicules \u00e0 louer en Martinique. Choisissez des voitures r\u00e9centes adapt\u00e9es \u00e0 vos besoins. R\u00e9servez facilement avec Allocar !\" \/>\n<meta name=\"robots\" content=\"index, follow, max-snippet:-1, max-image-preview:large, max-video-preview:-1\" \/>\n<link rel=\"canonical\" href=\"https:\/\/allocar-martinique.fr\/fr\/nos-vehicules\/\" \/>\n<meta property=\"og:locale\" content=\"fr_FR\" \/>\n<meta property=\"og:type\" content=\"article\" \/>\n<meta property=\"og:title\" content=\"V\u00e9hicules disponibles \u00e0 la location en Martinique\" \/>\n<meta property=\"og:description\" content=\"D\u00e9couvrez nos v\u00e9hicules \u00e0 louer en Martinique. Choisissez des voitures r\u00e9centes adapt\u00e9es \u00e0 vos besoins. R\u00e9servez facilement avec Allocar !\" \/>\n<meta property=\"og:url\" content=\"https:\/\/allocar-martinique.fr\/fr\/nos-vehicules\/\" \/>\n<meta property=\"og:site_name\" content=\"AlloCar Martinique\" \/>\n<meta property=\"article:publisher\" content=\"https:\/\/www.facebook.com\/allocarmartinique\" \/>\n<meta property=\"article:modified_time\" content=\"2025-11-05T13:41:53+00:00\" \/>\n<meta name=\"twitter:card\" content=\"summary_large_image\" \/>\n<meta name=\"twitter:label1\" content=\"Dur\u00e9e de lecture estim\u00e9e\" \/>\n\t<meta name=\"twitter:data1\" content=\"3 minutes\" \/>\n<!-- \/ Yoast SEO plugin. -->","yoast_head_json":{"title":"V\u00e9hicules disponibles \u00e0 la location en Martinique","description":"D\u00e9couvrez nos v\u00e9hicules \u00e0 louer en Martinique. Choisissez des voitures r\u00e9centes adapt\u00e9es \u00e0 vos besoins. R\u00e9servez facilement avec Allocar !","robots":{"index":"index","follow":"follow","max-snippet":"max-snippet:-1","max-image-preview":"max-image-preview:large","max-video-preview":"max-video-preview:-1"},"canonical":"https:\/\/allocar-martinique.fr\/fr\/nos-vehicules\/","og_locale":"fr_FR","og_type":"article","og_title":"V\u00e9hicules disponibles \u00e0 la location en Martinique","og_description":"D\u00e9couvrez nos v\u00e9hicules \u00e0 louer en Martinique. Choisissez des voitures r\u00e9centes adapt\u00e9es \u00e0 vos besoins. R\u00e9servez facilement avec Allocar !","og_url":"https:\/\/allocar-martinique.fr\/fr\/nos-vehicules\/","og_site_name":"AlloCar Martinique","article_publisher":"https:\/\/www.facebook.com\/allocarmartinique","article_modified_time":"2025-11-05T13:41:53+00:00","twitter_card":"summary_large_image","twitter_misc":{"Dur\u00e9e de lecture estim\u00e9e":"3 minutes"},"schema":{"@context":"https:\/\/schema.org","@graph":[{"@type":"WebPage","@id":"https:\/\/allocar-martinique.fr\/fr\/nos-vehicules\/","url":"https:\/\/allocar-martinique.fr\/fr\/nos-vehicules\/","name":"V\u00e9hicules disponibles \u00e0 la location en Martinique","isPartOf":{"@id":"https:\/\/allocar-martinique.fr\/fr\/#website"},"datePublished":"2024-08-06T11:01:44+00:00","dateModified":"2025-11-05T13:41:53+00:00","description":"D\u00e9couvrez nos v\u00e9hicules \u00e0 louer en Martinique. Choisissez des voitures r\u00e9centes adapt\u00e9es \u00e0 vos besoins. R\u00e9servez facilement avec Allocar !","breadcrumb":{"@id":"https:\/\/allocar-martinique.fr\/fr\/nos-vehicules\/#breadcrumb"},"inLanguage":"fr-FR","potentialAction":[{"@type":"ReadAction","target":["https:\/\/allocar-martinique.fr\/fr\/nos-vehicules\/"]}]},{"@type":"BreadcrumbList","@id":"https:\/\/allocar-martinique.fr\/fr\/nos-vehicules\/#breadcrumb","itemListElement":[{"@type":"ListItem","position":1,"name":"Accueil","item":"https:\/\/allocar-martinique.fr\/fr\/"},{"@type":"ListItem","position":2,"name":"Les v\u00e9hicules"}]},{"@type":"WebSite","@id":"https:\/\/allocar-martinique.fr\/fr\/#website","url":"https:\/\/allocar-martinique.fr\/fr\/","name":"AlloCar Martinique","description":"","publisher":{"@id":"https:\/\/allocar-martinique.fr\/fr\/#organization"},"potentialAction":[{"@type":"SearchAction","target":{"@type":"EntryPoint","urlTemplate":"https:\/\/allocar-martinique.fr\/fr\/?s={search_term_string}"},"query-input":{"@type":"PropertyValueSpecification","valueRequired":true,"valueName":"search_term_string"}}],"inLanguage":"fr-FR"},{"@type":"Organization","@id":"https:\/\/allocar-martinique.fr\/fr\/#organization","name":"AlloCar Martinique","url":"https:\/\/allocar-martinique.fr\/fr\/","logo":{"@type":"ImageObject","inLanguage":"fr-FR","@id":"https:\/\/allocar-martinique.fr\/fr\/#\/schema\/logo\/image\/","url":"https:\/\/allocar-martinique.fr\/wp-content\/uploads\/2024\/08\/LOGO-ALLOCAR-MARTINIQUE.svg","contentUrl":"https:\/\/allocar-martinique.fr\/wp-content\/uploads\/2024\/08\/LOGO-ALLOCAR-MARTINIQUE.svg","width":130,"height":66,"caption":"AlloCar Martinique"},"image":{"@id":"https:\/\/allocar-martinique.fr\/fr\/#\/schema\/logo\/image\/"},"sameAs":["https:\/\/www.facebook.com\/allocarmartinique","https:\/\/www.instagram.com\/allocarmartinique\/"]}]}},"_links":{"self":[{"href":"https:\/\/allocar-martinique.fr\/fr\/wp-json\/wp\/v2\/pages\/627","targetHints":{"allow":["GET"]}}],"collection":[{"href":"https:\/\/allocar-martinique.fr\/fr\/wp-json\/wp\/v2\/pages"}],"about":[{"href":"https:\/\/allocar-martinique.fr\/fr\/wp-json\/wp\/v2\/types\/page"}],"author":[{"embeddable":true,"href":"https:\/\/allocar-martinique.fr\/fr\/wp-json\/wp\/v2\/users\/1"}],"replies":[{"embeddable":true,"href":"https:\/\/allocar-martinique.fr\/fr\/wp-json\/wp\/v2\/comments?post=627"}],"version-history":[{"count":120,"href":"https:\/\/allocar-martinique.fr\/fr\/wp-json\/wp\/v2\/pages\/627\/revisions"}],"predecessor-version":[{"id":3378,"href":"https:\/\/allocar-martinique.fr\/fr\/wp-json\/wp\/v2\/pages\/627\/revisions\/3378"}],"wp:attachment":[{"href":"https:\/\/allocar-martinique.fr\/fr\/wp-json\/wp\/v2\/media?parent=627"}],"curies":[{"name":"wp","href":"https:\/\/api.w.org\/{rel}","templated":true}]}}